{"id":3693,"date":"2025-08-16T18:18:31","date_gmt":"2025-08-16T21:18:31","guid":{"rendered":"https:\/\/isfd102-bue.infd.edu.ar\/sitio\/?page_id=3693"},"modified":"2025-08-16T18:48:34","modified_gmt":"2025-08-16T21:48:34","slug":"oferta-academica","status":"publish","type":"page","link":"https:\/\/isfd102-bue.infd.edu.ar\/sitio\/carreras\/oferta-academica\/","title":{"rendered":"Oferta Acad\u00e9mica"},"content":{"rendered":"\n<h2 class=\"wp-block-heading\">Profesorados que se cursan en el I.S.F.D. N\u00ba 102<\/h2>\n\n\n\n<hr class=\"wp-block-separator has-alpha-channel-opacity\"\/>\n\n\n<p><\/p>\n\n\n<ul>\n<li>\n<h4><strong>Profesorado de Educaci\u00f3n Inicial&nbsp; &nbsp;<a href=\"https:\/\/isfd102-bue.infd.edu.ar\/sitio\/profesorado-de-educacion-inicial\/\" target=\"_blank\" rel=\"noopener\">\u21d2<\/a><\/strong><\/h4>\n<\/li>\n\n\n\n<li>\n<h4><strong>Profesorado de Educaci\u00f3n Primaria&nbsp;<\/strong><a href=\"https:\/\/isfd102-bue.infd.edu.ar\/sitio\/profesorado-de-educacion-primaria\/\" target=\"_blank\" rel=\"noopener\"><strong>\u21d2<\/strong><\/a><\/h4>\n<\/li>\n\n\n\n<li>\n<h4><strong>Profesorado de Educaci\u00f3n Secundaria en Biolog\u00eda&nbsp;<\/strong><a href=\"https:\/\/isfd102-bue.infd.edu.ar\/sitio\/profesorado-de-biologia\/\" target=\"_blank\" rel=\"noopener\"><strong>\u21d2<\/strong><\/a><\/h4>\n<\/li>\n\n\n\n<li> <h4><strong>Profesorado de Educaci\u00f3n Secundaria en Econom\u00eda <a href=\"https:\/\/isfd102-bue.infd.edu.ar\/sitio\/profesorado-de-economia\/\" target=\"_blank\" rel=\"noreferrer noopener\">\u21d2<\/a><\/strong><\/h4> <\/li>\n\n\n\n<li>\n<h4><strong>Profesorado de Educaci\u00f3n Secundaria en F\u00edsica&nbsp;<\/strong><a href=\"https:\/\/isfd102-bue.infd.edu.ar\/sitio\/profesorado-de-fisica\/\" target=\"_blank\" rel=\"noopener\"><strong>\u21d2<\/strong><\/a><\/h4>\n<\/li>\n\n\n\n<li>\n<h4><strong>Profesorado de Educaci\u00f3n Secundaria en Lengua y Literatura&nbsp;<\/strong><a href=\"https:\/\/isfd102-bue.infd.edu.ar\/sitio\/profesorado-de-lengua-y-literatura\/\" target=\"_blank\" rel=\"noopener\"><strong>\u21d2<\/strong><\/a><\/h4>\n<\/li>\n\n\n\n<li> <h4><strong>Profesorado de Educaci\u00f3n Secundaria en Matem\u00e1tica&nbsp;<\/strong><a rel=\"noopener\" href=\"https:\/\/isfd102-bue.infd.edu.ar\/sitio\/horarios-prof-en-matematica\/\" target=\"_blank\"><strong>\u21d2<\/strong><\/a><\/h4><\/li>\n<\/ul>\n\n\n<p>\u00a0<\/p>\n<hr \/>\n<h6>El Dise\u00f1o Curricular\u00a0 prev\u00e9 una carrera de 4 (cuatro) a\u00f1os que permite profundizar en la formaci\u00f3n disciplinar poniendo \u00e9nfasis en la pr\u00e1ctica docente.<\/h6>\n<h6>El docente es hacedor de cultura y tiene que ser hacedor del\u00a0<em>discurso<\/em>\u00a0sobre la cultura y la educaci\u00f3n.<\/h6>\n<h6>En el horizonte formativo se reconocen tres prop\u00f3sitos: el fortalecimiento de la identidad y la significaci\u00f3n social de la profesi\u00f3n docente; la construcci\u00f3n del maestro como productor colectivo del discurso pedag\u00f3gico y el posicionamiento activo del maestro como trabajador de la cultura.<\/h6>\n<h6><span class=\"fontstyle0\">El\u00a0<\/span><span class=\"fontstyle2\">Profesorado <\/span><span class=\"fontstyle0\">tiene como finalidad formar docentes comprometidos con la igualdad y la garant\u00eda del derecho social a la educaci\u00f3n desde la confianza de que todas y todos pueden aprender afianzando la creciente autonom\u00eda de las y los estudiantes.<\/span><\/h6>\n<p>\u00a0<\/p>","protected":false},"excerpt":{"rendered":"<p>Profesorados que se cursan en el I.S.F.D. N\u00ba 102 \u00a0 El Dise\u00f1o Curricular\u00a0 prev\u00e9 una carrera de 4 (cuatro) a\u00f1os que permite profundizar en la formaci\u00f3n disciplinar poniendo \u00e9nfasis en la pr\u00e1ctica docente. El docente es hacedor de cultura y tiene que ser hacedor del\u00a0discurso\u00a0sobre la cultura y la educaci\u00f3n. En el horizonte formativo se &#8230; <a title=\"Oferta Acad\u00e9mica\" class=\"read-more\" href=\"https:\/\/isfd102-bue.infd.edu.ar\/sitio\/carreras\/oferta-academica\/\" aria-label=\"More on Oferta Acad\u00e9mica\">[+]<\/a><\/p>\n","protected":false},"author":699,"featured_media":0,"parent":1331,"menu_order":0,"comment_status":"closed","ping_status":"closed","template":"","meta":[],"acf":[],"_links":{"self":[{"href":"https:\/\/isfd102-bue.infd.edu.ar\/sitio\/wp-json\/wp\/v2\/pages\/3693"}],"collection":[{"href":"https:\/\/isfd102-bue.infd.edu.ar\/sitio\/wp-json\/wp\/v2\/pages"}],"about":[{"href":"https:\/\/isfd102-bue.infd.edu.ar\/sitio\/wp-json\/wp\/v2\/types\/page"}],"author":[{"embeddable":true,"href":"https:\/\/isfd102-bue.infd.edu.ar\/sitio\/wp-json\/wp\/v2\/users\/699"}],"replies":[{"embeddable":true,"href":"https:\/\/isfd102-bue.infd.edu.ar\/sitio\/wp-json\/wp\/v2\/comments?post=3693"}],"version-history":[{"count":7,"href":"https:\/\/isfd102-bue.infd.edu.ar\/sitio\/wp-json\/wp\/v2\/pages\/3693\/revisions"}],"predecessor-version":[{"id":3704,"href":"https:\/\/isfd102-bue.infd.edu.ar\/sitio\/wp-json\/wp\/v2\/pages\/3693\/revisions\/3704"}],"up":[{"embeddable":true,"href":"https:\/\/isfd102-bue.infd.edu.ar\/sitio\/wp-json\/wp\/v2\/pages\/1331"}],"wp:attachment":[{"href":"https:\/\/isfd102-bue.infd.edu.ar\/sitio\/wp-json\/wp\/v2\/media?parent=3693"}],"curies":[{"name":"wp","href":"https:\/\/api.w.org\/{rel}","templated":true}]}}