{"id":3685,"date":"2025-08-16T17:32:37","date_gmt":"2025-08-16T20:32:37","guid":{"rendered":"https:\/\/isfd102-bue.infd.edu.ar\/sitio\/?page_id=3685"},"modified":"2025-08-16T17:40:28","modified_gmt":"2025-08-16T20:40:28","slug":"estudiantes","status":"publish","type":"page","link":"https:\/\/isfd102-bue.infd.edu.ar\/sitio\/estudiantes\/","title":{"rendered":"ESTUDIANTES"},"content":{"rendered":"\n<p>En este men\u00fa encontrar\u00e1s la informaci\u00f3n que necesitas como estudiantes del profesorado.<\/p>\n","protected":false},"excerpt":{"rendered":"<p>En este men\u00fa encontrar\u00e1s la informaci\u00f3n que necesitas como estudiantes del profesorado.<\/p>\n","protected":false},"author":699,"featured_media":0,"parent":0,"menu_order":0,"comment_status":"closed","ping_status":"closed","template":"","meta":[],"acf":[],"_links":{"self":[{"href":"https:\/\/isfd102-bue.infd.edu.ar\/sitio\/wp-json\/wp\/v2\/pages\/3685"}],"collection":[{"href":"https:\/\/isfd102-bue.infd.edu.ar\/sitio\/wp-json\/wp\/v2\/pages"}],"about":[{"href":"https:\/\/isfd102-bue.infd.edu.ar\/sitio\/wp-json\/wp\/v2\/types\/page"}],"author":[{"embeddable":true,"href":"https:\/\/isfd102-bue.infd.edu.ar\/sitio\/wp-json\/wp\/v2\/users\/699"}],"replies":[{"embeddable":true,"href":"https:\/\/isfd102-bue.infd.edu.ar\/sitio\/wp-json\/wp\/v2\/comments?post=3685"}],"version-history":[{"count":2,"href":"https:\/\/isfd102-bue.infd.edu.ar\/sitio\/wp-json\/wp\/v2\/pages\/3685\/revisions"}],"predecessor-version":[{"id":3689,"href":"https:\/\/isfd102-bue.infd.edu.ar\/sitio\/wp-json\/wp\/v2\/pages\/3685\/revisions\/3689"}],"wp:attachment":[{"href":"https:\/\/isfd102-bue.infd.edu.ar\/sitio\/wp-json\/wp\/v2\/media?parent=3685"}],"curies":[{"name":"wp","href":"https:\/\/api.w.org\/{rel}","templated":true}]}}