{"id":3183,"date":"2023-03-25T18:10:24","date_gmt":"2023-03-25T21:10:24","guid":{"rendered":"https:\/\/isfd102-bue.infd.edu.ar\/sitio\/?page_id=3183"},"modified":"2023-03-25T18:15:58","modified_gmt":"2023-03-25T21:15:58","slug":"diseno-curricular-del-profesorado-de-educacion-secundaria-en-biologia","status":"publish","type":"page","link":"https:\/\/isfd102-bue.infd.edu.ar\/sitio\/diseno-curricular-del-profesorado-de-educacion-secundaria-en-biologia\/","title":{"rendered":"Dise\u00f1o Curricular  del Profesorado de Educaci\u00f3n Secundaria en Biolog\u00eda"},"content":{"rendered":"\n<p><\/p>\n\n\n\n<p><\/p>\n\n\n\n<p><a href=\"https:\/\/isfd102-bue.infd.edu.ar\/sitio\/wp-content\/uploads\/2023\/03\/diseno-curricular-biologia-2022.pdf\">AC\u00c1 ENCONTRARAS EL NUEVO DISE\u00d1O DEL PROF. DE   EDUC SECUNDARIA  EN BIOLOG\u00cdA<\/a><\/p>\n","protected":false},"excerpt":{"rendered":"<p>AC\u00c1 ENCONTRARAS EL NUEVO DISE\u00d1O DEL PROF. DE EDUC SECUNDARIA EN BIOLOG\u00cdA<\/p>\n","protected":false},"author":23,"featured_media":0,"parent":0,"menu_order":0,"comment_status":"closed","ping_status":"closed","template":"","meta":[],"acf":[],"_links":{"self":[{"href":"https:\/\/isfd102-bue.infd.edu.ar\/sitio\/wp-json\/wp\/v2\/pages\/3183"}],"collection":[{"href":"https:\/\/isfd102-bue.infd.edu.ar\/sitio\/wp-json\/wp\/v2\/pages"}],"about":[{"href":"https:\/\/isfd102-bue.infd.edu.ar\/sitio\/wp-json\/wp\/v2\/types\/page"}],"author":[{"embeddable":true,"href":"https:\/\/isfd102-bue.infd.edu.ar\/sitio\/wp-json\/wp\/v2\/users\/23"}],"replies":[{"embeddable":true,"href":"https:\/\/isfd102-bue.infd.edu.ar\/sitio\/wp-json\/wp\/v2\/comments?post=3183"}],"version-history":[{"count":2,"href":"https:\/\/isfd102-bue.infd.edu.ar\/sitio\/wp-json\/wp\/v2\/pages\/3183\/revisions"}],"predecessor-version":[{"id":3188,"href":"https:\/\/isfd102-bue.infd.edu.ar\/sitio\/wp-json\/wp\/v2\/pages\/3183\/revisions\/3188"}],"wp:attachment":[{"href":"https:\/\/isfd102-bue.infd.edu.ar\/sitio\/wp-json\/wp\/v2\/media?parent=3183"}],"curies":[{"name":"wp","href":"https:\/\/api.w.org\/{rel}","templated":true}]}}