{"id":3172,"date":"2023-03-24T19:03:44","date_gmt":"2023-03-24T22:03:44","guid":{"rendered":"https:\/\/isfd102-bue.infd.edu.ar\/sitio\/?page_id=3172"},"modified":"2023-03-24T19:07:08","modified_gmt":"2023-03-24T22:07:08","slug":"diseno-curricular-del-prof-de-educacion-secundaria-en-economia","status":"publish","type":"page","link":"https:\/\/isfd102-bue.infd.edu.ar\/sitio\/diseno-curricular-del-prof-de-educacion-secundaria-en-economia\/","title":{"rendered":"Dise\u00f1o Curricular del Prof. de Educaci\u00f3n Secundaria en Econom\u00eda.-"},"content":{"rendered":"\n<p><\/p>\n\n\n\n<p><\/p>\n\n\n\n<p><a href=\"https:\/\/isfd102-bue.infd.edu.ar\/sitio\/wp-content\/uploads\/2023\/03\/diseno-curricular-economia-2022.pdf\">NUEVO DISE\u00d1O.-<\/a><\/p>\n","protected":false},"excerpt":{"rendered":"<p>NUEVO DISE\u00d1O.-<\/p>\n","protected":false},"author":23,"featured_media":0,"parent":0,"menu_order":0,"comment_status":"closed","ping_status":"closed","template":"","meta":[],"acf":[],"_links":{"self":[{"href":"https:\/\/isfd102-bue.infd.edu.ar\/sitio\/wp-json\/wp\/v2\/pages\/3172"}],"collection":[{"href":"https:\/\/isfd102-bue.infd.edu.ar\/sitio\/wp-json\/wp\/v2\/pages"}],"about":[{"href":"https:\/\/isfd102-bue.infd.edu.ar\/sitio\/wp-json\/wp\/v2\/types\/page"}],"author":[{"embeddable":true,"href":"https:\/\/isfd102-bue.infd.edu.ar\/sitio\/wp-json\/wp\/v2\/users\/23"}],"replies":[{"embeddable":true,"href":"https:\/\/isfd102-bue.infd.edu.ar\/sitio\/wp-json\/wp\/v2\/comments?post=3172"}],"version-history":[{"count":2,"href":"https:\/\/isfd102-bue.infd.edu.ar\/sitio\/wp-json\/wp\/v2\/pages\/3172\/revisions"}],"predecessor-version":[{"id":3177,"href":"https:\/\/isfd102-bue.infd.edu.ar\/sitio\/wp-json\/wp\/v2\/pages\/3172\/revisions\/3177"}],"wp:attachment":[{"href":"https:\/\/isfd102-bue.infd.edu.ar\/sitio\/wp-json\/wp\/v2\/media?parent=3172"}],"curies":[{"name":"wp","href":"https:\/\/api.w.org\/{rel}","templated":true}]}}