{"id":286,"date":"2022-03-01T20:30:45","date_gmt":"2022-03-01T23:30:45","guid":{"rendered":"https:\/\/isfd102-bue.infd.edu.ar\/sitio\/?page_id=286"},"modified":"2026-03-12T15:07:46","modified_gmt":"2026-03-12T18:07:46","slug":"inicio","status":"publish","type":"page","link":"https:\/\/isfd102-bue.infd.edu.ar\/sitio\/","title":{"rendered":""},"content":{"rendered":"<div style=\"text-align: center;\">\n<div dir=\"auto\"><strong><span style=\"font-size: 14pt; color: #ff0000;\"><span style=\"font-size: 18pt;\"><span style=\"color: #0000ff;\"><span style=\"color: #ff0000;\">ESCUELA NORMAL SUPERIOR<\/span><\/span><\/span><\/span><\/strong><\/div>\n<div dir=\"auto\"><strong><span style=\"font-size: 14pt; color: #ff0000;\"><span style=\"font-size: 18pt;\"><span style=\"color: #0000ff;\"><span style=\"color: #ff0000;\">ANTONIO MENTRUYT<\/span><\/span><\/span><\/span><\/strong><\/div>\n<div dir=\"auto\"><strong style=\"font-family: inherit; font-size: inherit;\"><span style=\"font-size: 14pt; color: #ff0000;\"><span style=\"font-size: 18pt;\"><span style=\"color: #0000ff;\"><span style=\"color: #ff0000;\">ISFD N\u00b0 102<\/span><\/span><\/span><\/span><\/strong><\/div>\n<\/div>\n<div style=\"text-align: center;\">\n<div style=\"text-align: center;\">\n<div class=\"H_7jIs D_F ab_C Q_69H5 E_36RhU\" style=\"text-align: center;\" data-test-id=\"toolbar-hover-area\">\n<div class=\"D_F W_6D6F r_BN gl_C\" style=\"text-align: center;\" data-test-id=\"card-toolbar\">\n<div class=\"D_F W_6D6F r_BN gl_C\" data-test-id=\"card-toolbar\"><strong><span style=\"font-size: 18pt;\"><span style=\"color: #ff0000;\"><img decoding=\"async\" title=\"escudonuevoensam\" src=\"https:\/\/isfd102-bue.infd.edu.ar\/sitio\/wp-content\/uploads\/2018\/08\/escudo-nuevo-ensam-1.jpg\" alt=\"escudonuevoensam\" width=\"90\" border=\"0\" \/><\/span><\/span><\/strong><\/div>\n<\/div>\n<\/div>\n<\/div>\n<div style=\"text-align: center;\">\n<pre class=\"D_F W_6D6F r_BN gl_C\" data-test-id=\"card-toolbar\"><span style=\"font-size: 14pt; color: #ff0000;\"><strong><span style=\"font-size: 18pt;\"><span style=\"color: #0000ff;\"><span style=\"color: #ff0000;\">Edu<\/span>cando de<span style=\"color: #ff0000;\">sde\n<\/span><\/span><\/span><\/strong><\/span>\n<span style=\"font-size: 14pt; color: #ff0000;\"><strong><span style=\"font-size: 18pt;\"><span style=\"color: #0000ff;\"><span style=\"color: #ff0000;\">23 de<\/span> abril de <span style=\"color: #ff0000;\">1912<\/span><\/span><\/span><\/strong><\/span><\/pre>\n<\/div>\n<table id=\"table1\" style=\"text-align: center; margin-left: auto; margin-right: auto; width: 435px; height: 385px;\" border=\"1\" cellspacing=\"0\" cellpadding=\"10\">\n<tbody style=\"text-align: left;\">\n<tr style=\"text-align: left; height: 354.203px;\">\n<td style=\"border: 1px solid; text-align: justify; height: 354.203px; width: 411px;\">\n<p style=\"text-align: center;\"><img decoding=\"async\" title=\"frente\" src=\"https:\/\/isfd102-bue.infd.edu.ar\/sitio\/wp-content\/uploads\/2018\/08\/FrenteENSAM1.jpg\" alt=\"frente\" border=\"0\" \/><\/p>\n<p><span style=\"font-size: 10pt; color: black; font-family: Verdana;\">E<\/span><span style=\"font-size: 10pt; color: black; font-family: Verdana;\">ste Instituto Superior de Formaci\u00f3n Docente forma parte del sistema de educaci\u00f3n p\u00fablica de gesti\u00f3n estatal.<\/span><\/td>\n<\/tr>\n<\/tbody>\n<\/table>\n<hr \/>\n<\/div>\n<p><span style=\"font-size: 1.25rem; color: #0000ff;\">\u00a1\u00a1 INFORMACI\u00d3N URGENTE !!<\/span><\/p>\n<p><span style=\"font-size: 1.25rem; color: #0000ff;\">El d\u00eda <span style=\"color: #ff0000;\"><strong>viernes 13 \/3<\/strong><\/span> se realizar\u00e1 la desinfecci\u00f3n en el ENSAM. <\/span><\/p>\n<p><span style=\"font-size: 1.25rem; color: #0000ff;\">Por ese motivo se <strong><span style=\"color: #ff0000;\">suspenden todas las actividades<\/span><\/strong> Institucionales programadas para esa fecha.<\/span><\/p>\n<p><span style=\"font-size: 1.25rem; color: #0000ff;\">Equipo Directivo ISFD 102.<\/span><\/p>\n<hr \/>\n<p><img decoding=\"async\" loading=\"lazy\" class=\"alignnone size-full wp-image-3803\" src=\"https:\/\/isfd102-bue.infd.edu.ar\/sitio\/wp-content\/uploads\/2026\/02\/duelo.jpeg\" alt=\"\" width=\"720\" height=\"946\" \/><\/p>\n<hr \/>\n<p><img decoding=\"async\" loading=\"lazy\" class=\"alignnone  wp-image-3763\" src=\"https:\/\/isfd102-bue.infd.edu.ar\/sitio\/wp-content\/uploads\/2025\/10\/invitacion-presentacion-libro2-671x1000.jpg\" alt=\"\" width=\"764\" height=\"1139\" srcset=\"https:\/\/isfd102-bue.infd.edu.ar\/sitio\/wp-content\/uploads\/2025\/10\/invitacion-presentacion-libro2-671x1000.jpg 671w, https:\/\/isfd102-bue.infd.edu.ar\/sitio\/wp-content\/uploads\/2025\/10\/invitacion-presentacion-libro2-1275x1900.jpg 1275w, https:\/\/isfd102-bue.infd.edu.ar\/sitio\/wp-content\/uploads\/2025\/10\/invitacion-presentacion-libro2-768x1145.jpg 768w, https:\/\/isfd102-bue.infd.edu.ar\/sitio\/wp-content\/uploads\/2025\/10\/invitacion-presentacion-libro2-1031x1536.jpg 1031w, https:\/\/isfd102-bue.infd.edu.ar\/sitio\/wp-content\/uploads\/2025\/10\/invitacion-presentacion-libro2-1374x2048.jpg 1374w, https:\/\/isfd102-bue.infd.edu.ar\/sitio\/wp-content\/uploads\/2025\/10\/invitacion-presentacion-libro2-scaled.jpg 1718w\" sizes=\"(max-width: 764px) 100vw, 764px\" \/><\/p>\n<hr \/>\n<h1>Noveno congreso de Educaci\u00f3n &#8211; Alte. Brown<\/h1>\n<h2>Tambi\u00e9n estamos presentes<\/h2>\n<p><img decoding=\"async\" loading=\"lazy\" class=\" wp-image-3734 alignleft\" src=\"https:\/\/isfd102-bue.infd.edu.ar\/sitio\/wp-content\/uploads\/2025\/08\/Congreso-1.jpg\" alt=\"\" width=\"658\" height=\"880\" \/><\/p>\n<p>\u00a0<img decoding=\"async\" loading=\"lazy\" class=\"alignnone  wp-image-3733\" src=\"https:\/\/isfd102-bue.infd.edu.ar\/sitio\/wp-content\/uploads\/2025\/08\/Congreso-3.jpg\" alt=\"\" width=\"663\" height=\"884\" \/><\/p>\n<p><img decoding=\"async\" loading=\"lazy\" class=\"size-full wp-image-3732 alignleft\" src=\"https:\/\/isfd102-bue.infd.edu.ar\/sitio\/wp-content\/uploads\/2025\/08\/Congreso-2.jpg\" alt=\"\" width=\"651\" height=\"873\" \/> <img decoding=\"async\" loading=\"lazy\" class=\"alignnone size-full wp-image-3731\" src=\"https:\/\/isfd102-bue.infd.edu.ar\/sitio\/wp-content\/uploads\/2025\/08\/Congreso-5.jpg\" alt=\"\" width=\"658\" height=\"879\" \/><\/p>\n<p><img decoding=\"async\" loading=\"lazy\" class=\"alignnone size-full wp-image-3730\" src=\"https:\/\/isfd102-bue.infd.edu.ar\/sitio\/wp-content\/uploads\/2025\/08\/Congreso-4.jpg\" alt=\"\" width=\"656\" height=\"879\" \/> <img decoding=\"async\" loading=\"lazy\" class=\"alignnone size-medium wp-image-3741\" src=\"https:\/\/isfd102-bue.infd.edu.ar\/sitio\/wp-content\/uploads\/2025\/08\/Taller5-750x1000.jpg\" alt=\"\" width=\"750\" height=\"1000\" srcset=\"https:\/\/isfd102-bue.infd.edu.ar\/sitio\/wp-content\/uploads\/2025\/08\/Taller5-750x1000.jpg 750w, https:\/\/isfd102-bue.infd.edu.ar\/sitio\/wp-content\/uploads\/2025\/08\/Taller5-768x1024.jpg 768w, https:\/\/isfd102-bue.infd.edu.ar\/sitio\/wp-content\/uploads\/2025\/08\/Taller5-1152x1536.jpg 1152w, https:\/\/isfd102-bue.infd.edu.ar\/sitio\/wp-content\/uploads\/2025\/08\/Taller5.jpg 1200w\" sizes=\"(max-width: 750px) 100vw, 750px\" \/><\/p>\n<h2>M\u00e1s informaci\u00f3n:\u00a0 \u21d2\u00a0 <a href=\"https:\/\/www.educacion.brown.gob.ar\/congresoeducacionbrown\"><span style=\"color: #ff0000;\">AQU\u00cd<\/span><\/a><\/h2>\n<p>&nbsp;<\/p>\n<hr \/>\n<h2 style=\"text-align: center;\">La zamba y los dioses &#8211; Invitaci\u00f3n<\/h2>\n<h2><img decoding=\"async\" loading=\"lazy\" class=\"aligncenter  wp-image-3709\" src=\"https:\/\/isfd102-bue.infd.edu.ar\/sitio\/wp-content\/uploads\/2025\/08\/Danza.jpg\" alt=\"\" width=\"809\" height=\"1181\" \/><\/h2>\n<hr \/>\n<h1 dir=\"auto\"><img decoding=\"async\" loading=\"lazy\" class=\"alignnone size-medium wp-image-3476\" src=\"https:\/\/isfd102-bue.infd.edu.ar\/sitio\/wp-content\/uploads\/2024\/11\/BIOL-707x1000.jpeg\" alt=\"\" width=\"707\" height=\"1000\" srcset=\"https:\/\/isfd102-bue.infd.edu.ar\/sitio\/wp-content\/uploads\/2024\/11\/BIOL-707x1000.jpeg 707w, https:\/\/isfd102-bue.infd.edu.ar\/sitio\/wp-content\/uploads\/2024\/11\/BIOL-768x1086.jpeg 768w, https:\/\/isfd102-bue.infd.edu.ar\/sitio\/wp-content\/uploads\/2024\/11\/BIOL-1086x1536.jpeg 1086w, https:\/\/isfd102-bue.infd.edu.ar\/sitio\/wp-content\/uploads\/2024\/11\/BIOL.jpeg 1131w\" sizes=\"(max-width: 707px) 100vw, 707px\" \/><img decoding=\"async\" loading=\"lazy\" class=\"alignnone size-medium wp-image-3477\" src=\"https:\/\/isfd102-bue.infd.edu.ar\/sitio\/wp-content\/uploads\/2024\/11\/FISICA-707x1000.jpeg\" alt=\"\" width=\"707\" height=\"1000\" srcset=\"https:\/\/isfd102-bue.infd.edu.ar\/sitio\/wp-content\/uploads\/2024\/11\/FISICA-707x1000.jpeg 707w, https:\/\/isfd102-bue.infd.edu.ar\/sitio\/wp-content\/uploads\/2024\/11\/FISICA-768x1086.jpeg 768w, https:\/\/isfd102-bue.infd.edu.ar\/sitio\/wp-content\/uploads\/2024\/11\/FISICA-1086x1536.jpeg 1086w, https:\/\/isfd102-bue.infd.edu.ar\/sitio\/wp-content\/uploads\/2024\/11\/FISICA.jpeg 1131w\" sizes=\"(max-width: 707px) 100vw, 707px\" \/><img decoding=\"async\" loading=\"lazy\" class=\"alignnone size-medium wp-image-3478\" src=\"https:\/\/isfd102-bue.infd.edu.ar\/sitio\/wp-content\/uploads\/2024\/11\/ECON-711x1000.jpeg\" alt=\"\" width=\"711\" height=\"1000\" srcset=\"https:\/\/isfd102-bue.infd.edu.ar\/sitio\/wp-content\/uploads\/2024\/11\/ECON-711x1000.jpeg 711w, https:\/\/isfd102-bue.infd.edu.ar\/sitio\/wp-content\/uploads\/2024\/11\/ECON-768x1081.jpeg 768w, https:\/\/isfd102-bue.infd.edu.ar\/sitio\/wp-content\/uploads\/2024\/11\/ECON-1092x1536.jpeg 1092w, https:\/\/isfd102-bue.infd.edu.ar\/sitio\/wp-content\/uploads\/2024\/11\/ECON.jpeg 1125w\" sizes=\"(max-width: 711px) 100vw, 711px\" \/><img decoding=\"async\" loading=\"lazy\" class=\"alignnone  wp-image-3290\" src=\"https:\/\/isfd102-bue.infd.edu.ar\/sitio\/wp-content\/uploads\/2023\/12\/Autismo-1000x563.jpg\" alt=\"\" width=\"1128\" height=\"635\" srcset=\"https:\/\/isfd102-bue.infd.edu.ar\/sitio\/wp-content\/uploads\/2023\/12\/Autismo-1000x563.jpg 1000w, https:\/\/isfd102-bue.infd.edu.ar\/sitio\/wp-content\/uploads\/2023\/12\/Autismo-1900x1069.jpg 1900w, https:\/\/isfd102-bue.infd.edu.ar\/sitio\/wp-content\/uploads\/2023\/12\/Autismo-768x432.jpg 768w, https:\/\/isfd102-bue.infd.edu.ar\/sitio\/wp-content\/uploads\/2023\/12\/Autismo-1536x864.jpg 1536w, https:\/\/isfd102-bue.infd.edu.ar\/sitio\/wp-content\/uploads\/2023\/12\/Autismo-2048x1152.jpg 2048w\" sizes=\"(max-width: 1128px) 100vw, 1128px\" \/><\/h1>\n<h1 dir=\"auto\" style=\"text-align: center;\"><span style=\"color: #ff0000;\">\u00a0 \u00a0<span style=\"color: #0000ff;\">INSCRIBITE en este link:\u00a0 \u00a0 <a href=\"https:\/\/forms.gle\/mMptDmjbYe6SCt477\"><span style=\"color: #ff00ff;\">https:\/\/forms.gle\/mMptDmjbYe6SCt477<\/span><\/a><\/span><\/span><\/h1>\n<hr \/>\n<p>&nbsp;<\/p>\n<h1 dir=\"auto\" style=\"text-align: left;\"><span style=\"color: #ff0000;\">ATENCI\u00d3N INGRESANTES\u00a0 2024<\/span><\/h1>\n<h4><img decoding=\"async\" loading=\"lazy\" class=\"alignnone size-medium wp-image-3278\" src=\"https:\/\/isfd102-bue.infd.edu.ar\/sitio\/wp-content\/uploads\/2023\/11\/DATA-ingreso-812x1000.jpg\" alt=\"\" width=\"812\" height=\"1000\" srcset=\"https:\/\/isfd102-bue.infd.edu.ar\/sitio\/wp-content\/uploads\/2023\/11\/DATA-ingreso-812x1000.jpg 812w, https:\/\/isfd102-bue.infd.edu.ar\/sitio\/wp-content\/uploads\/2023\/11\/DATA-ingreso-768x946.jpg 768w, https:\/\/isfd102-bue.infd.edu.ar\/sitio\/wp-content\/uploads\/2023\/11\/DATA-ingreso.jpg 831w\" sizes=\"(max-width: 812px) 100vw, 812px\" \/><\/h4>\n<hr \/>\n<h4>06-09-2023<\/h4>\n<h4>Buenos d\u00edas<\/h4>\n<h4>Se informa que el d\u00eda mi\u00e9rcoles 6\/9 el Instituto permanecer\u00e1 abierto , con actividad pedag\u00f3gica .<br \/>Aquellos docentes que adhieran al paro , deber\u00e1n informar a l@s preceptores para que avisen a l@s estudiantes .<br \/>El d\u00eda jueves 7\/9 el Instituto no contar\u00e1 con auxiliares , motivo por el cual no tendr\u00e1 actividad presencial , solamente realizaremos guardia de directivos.<br \/>L@s docentes que no adhieran al paro garantizar\u00e1n la continuidad pedag\u00f3gica en forma virtual.<\/h4>\n<h4>Equipo Directivo\u00a0ISFD\u00a0102.<\/h4>\n<hr \/>\n<p><strong><u>ASOCIACI\u00d3N COOPERADORA: (asociaci\u00f3n voluntaria)<\/u><\/strong><\/p>\n<ul>\n<li>Aquellos que deseen asociarse, deber\u00e1n realizar con su nombre y DNI un dep\u00f3sito o transferencia a:<\/li>\n<li>\u00a0de Buenos Aires, sucursal Banfield (5038)<\/li>\n<li>Cuenta corriente N\u00b0 0014-5038 001-500975 (ARS)<\/li>\n<li>CBU N\u00b0 0140097701503805009755<\/li>\n<li>CUIT N\u00b0 30-70973373-3<\/li>\n<li>Una vez realizado el dep\u00f3sito bancario, enviar al siguiente mail el comprobante de pago con: APELLIDO Y NOMBRE, DNI, DOMICILIO, CARRERA Y CURSO. Casilla: <a href=\"mailto:cooperadora.enam@gmail.com\">cooperadora.enam@gmail.com<\/a><\/li>\n<li>FACEBOOK : https:\/\/www.facebook.com\/cooperadora.ensam<\/li>\n<\/ul>\n<p>&nbsp;<\/p>\n<p>&nbsp;<\/p>\n<h2 style=\"text-align: center;\">Cualquier consulta deben dirigirla v\u00eda email a isfdn102@gmail.com<\/h2>\n<p style=\"text-align: center;\">.<\/p>\n<h2 style=\"text-align: center;\">Atenci\u00f3n: BECAS<\/h2>\n<p><a href=\"https:\/\/isfd102-bue.infd.edu.ar\/sitio\/wp-content\/uploads\/2021\/03\/becas-102.docx\">becas 102<\/a> <a href=\"https:\/\/isfd102-bue.infd.edu.ar\/sitio\/wp-content\/uploads\/2021\/03\/Preguntas_Frecuentes_BecasProgresar.pdf\">Preguntas_Frecuentes_BecasProgresar<\/a> <a href=\"https:\/\/isfd102-bue.infd.edu.ar\/sitio\/wp-content\/uploads\/2021\/03\/INSCRIPCION_A_BECAS_PROGRESAR.pdf\">INSCRIPCION_A_BECAS_PROGRESAR<\/a><\/p>\n<h4 style=\"text-align: left;\">\u00a0<\/h4>\n<div id=\"metaslider-id-403\" style=\"width: 100%;\" class=\"ml-slider-3-33-0 metaslider metaslider-flex metaslider-403 ml-slider ms-theme-default\" role=\"region\" aria-roledescription=\"Slideshow\" aria-label=\"Slideshow\">\n    <div id=\"metaslider_container_403\">\n        <div id=\"metaslider_403\" class=\"flexslider\">\n            <ul aria-live=\"polite\" class=\"slides\">\n                <li style=\"display: block; width: 100%;\" class=\"slide-607 ms-image\" aria-roledescription=\"slide\" aria-label=\"slide-607\"><a href=\"https:\/\/mapa.infd.edu.ar\/\" target=\"_blank\"><img src=\"https:\/\/isfd102-bue.infd.edu.ar\/sitio\/wp-content\/uploads\/2018\/06\/mapa_infd6-1100x200.png\" height=\"200\" width=\"1100\" alt=\"\" class=\"slider-403 slide-607\" title=\"mapa_infd6\" \/><\/a><\/li>\n                <li style=\"display: none; width: 100%;\" class=\"slide-609 ms-image\" aria-roledescription=\"slide\" aria-label=\"slide-609\"><a href=\"https:\/\/www.argentina.gob.ar\/educacion\/becas\" target=\"_blank\"><img src=\"https:\/\/isfd102-bue.infd.edu.ar\/sitio\/wp-content\/uploads\/2018\/06\/becas7-1100x200.png\" height=\"200\" width=\"1100\" alt=\"\" class=\"slider-403 slide-609\" title=\"becas7\" \/><\/a><\/li>\n                <li style=\"display: none; width: 100%;\" class=\"slide-635 ms-image\" aria-roledescription=\"slide\" aria-label=\"slide-635\"><a href=\"https:\/\/www.argentina.gob.ar\/tema\/estudiar\/formacion-docencia\" target=\"_blank\"><img src=\"https:\/\/isfd102-bue.infd.edu.ar\/sitio\/wp-content\/uploads\/2018\/06\/convocatorias_slide6-1-1100x200.png\" height=\"200\" width=\"1100\" alt=\"\" class=\"slider-403 slide-635\" title=\"convocatorias_slide6-1\" \/><\/a><\/li>\n            <\/ul>\n        <\/div>\n        \n    <\/div>\n<\/div>\n<h4 style=\"text-align: center;\">Seguinos en :<\/h4>\n<h2><a href=\"https:\/\/www.youtube.com\/c\/ISFD102-Superior\"><img decoding=\"async\" loading=\"lazy\" class=\"wp-image-2941 size-full aligncenter\" src=\"https:\/\/isfd102-bue.infd.edu.ar\/sitio\/wp-content\/uploads\/2023\/02\/Youtube-102-Negro.png\" alt=\"\" width=\"232\" height=\"94\" \/><\/a><\/h2>\n<p>&nbsp;<\/p>\n","protected":false},"excerpt":{"rendered":"<p>ESCUELA NORMAL SUPERIOR ANTONIO MENTRUYT ISFD N\u00b0 102 Educando desde 23 de abril de 1912 Este Instituto Superior de Formaci\u00f3n Docente forma parte del sistema de educaci\u00f3n p\u00fablica de gesti\u00f3n estatal. \u00a1\u00a1 INFORMACI\u00d3N URGENTE !! El d\u00eda viernes 13 \/3 se realizar\u00e1 la desinfecci\u00f3n en el ENSAM. Por ese motivo se suspenden todas las actividades &#8230; <a title=\"\" class=\"read-more\" href=\"https:\/\/isfd102-bue.infd.edu.ar\/sitio\/\" aria-label=\"More on \">[+]<\/a><\/p>\n","protected":false},"author":1,"featured_media":0,"parent":0,"menu_order":0,"comment_status":"closed","ping_status":"closed","template":"","meta":[],"acf":[],"_links":{"self":[{"href":"https:\/\/isfd102-bue.infd.edu.ar\/sitio\/wp-json\/wp\/v2\/pages\/286"}],"collection":[{"href":"https:\/\/isfd102-bue.infd.edu.ar\/sitio\/wp-json\/wp\/v2\/pages"}],"about":[{"href":"https:\/\/isfd102-bue.infd.edu.ar\/sitio\/wp-json\/wp\/v2\/types\/page"}],"author":[{"embeddable":true,"href":"https:\/\/isfd102-bue.infd.edu.ar\/sitio\/wp-json\/wp\/v2\/users\/1"}],"replies":[{"embeddable":true,"href":"https:\/\/isfd102-bue.infd.edu.ar\/sitio\/wp-json\/wp\/v2\/comments?post=286"}],"version-history":[{"count":698,"href":"https:\/\/isfd102-bue.infd.edu.ar\/sitio\/wp-json\/wp\/v2\/pages\/286\/revisions"}],"predecessor-version":[{"id":3866,"href":"https:\/\/isfd102-bue.infd.edu.ar\/sitio\/wp-json\/wp\/v2\/pages\/286\/revisions\/3866"}],"wp:attachment":[{"href":"https:\/\/isfd102-bue.infd.edu.ar\/sitio\/wp-json\/wp\/v2\/media?parent=286"}],"curies":[{"name":"wp","href":"https:\/\/api.w.org\/{rel}","templated":true}]}}