{"id":2589,"date":"2022-03-21T12:44:49","date_gmt":"2022-03-21T15:44:49","guid":{"rendered":"https:\/\/isfd102-bue.infd.edu.ar\/sitio\/?page_id=2589"},"modified":"2026-03-05T16:25:54","modified_gmt":"2026-03-05T19:25:54","slug":"horarios-prof-ed-inicial","status":"publish","type":"page","link":"https:\/\/isfd102-bue.infd.edu.ar\/sitio\/horarios-prof-ed-inicial\/","title":{"rendered":"HORARIOS PROF ED INICIAL 2026"},"content":{"rendered":"\n<p><a href=\"https:\/\/isfd102-bue.infd.edu.ar\/sitio\/wp-content\/uploads\/2026\/03\/1ro-1ra-Ed.-Inicial.pdf\" data-type=\"URL\" data-id=\"https:\/\/isfd102-bue.infd.edu.ar\/sitio\/wp-content\/uploads\/2026\/03\/1ro-1ra-Ed.-Inicial.pdf\">1ro-1ra-Ed.-Inicial<\/a><\/p>\n\n\n\n<p><a href=\"https:\/\/isfd102-bue.infd.edu.ar\/sitio\/wp-content\/uploads\/2026\/03\/1ro-2da-Ed.-Inicial.pdf\" data-type=\"URL\" data-id=\"https:\/\/isfd102-bue.infd.edu.ar\/sitio\/wp-content\/uploads\/2026\/03\/1ro-2da-Ed.-Inicial.pdf\">1ro-2da-Ed.-Inicial<\/a><\/p>\n\n\n\n<p><a href=\"https:\/\/isfd102-bue.infd.edu.ar\/sitio\/wp-content\/uploads\/2026\/03\/2do-1ra-Ed.-Inicial.pdf\" data-type=\"URL\" data-id=\"https:\/\/isfd102-bue.infd.edu.ar\/sitio\/wp-content\/uploads\/2026\/03\/2do-1ra-Ed.-Inicial.pdf\">2do-1ra-Ed.-Inicial<\/a><\/p>\n\n\n\n<p><a href=\"https:\/\/isfd102-bue.infd.edu.ar\/sitio\/wp-content\/uploads\/2026\/03\/2da-2da-Ed.-Inicial.pdf\" data-type=\"URL\" data-id=\"https:\/\/isfd102-bue.infd.edu.ar\/sitio\/wp-content\/uploads\/2026\/03\/2da-2da-Ed.-Inicial.pdf\">2da-2da-Ed.-Inicial<\/a><\/p>\n\n\n\n<p><a href=\"https:\/\/isfd102-bue.infd.edu.ar\/sitio\/wp-content\/uploads\/2026\/03\/3ro-1ro-Ed-Inicial.pdf\">3ro-1ro-Ed-Inicial<\/a><\/p>\n\n\n\n<p><a href=\"https:\/\/isfd102-bue.infd.edu.ar\/sitio\/wp-content\/uploads\/2026\/03\/3ro-2da-Ed-Inicial.pdf\" data-type=\"URL\" data-id=\"https:\/\/isfd102-bue.infd.edu.ar\/sitio\/wp-content\/uploads\/2026\/03\/3ro-2da-Ed-Inicial.pdf\">3ro-2da-Ed-Inicial<\/a><\/p>\n\n\n\n<p><a href=\"https:\/\/isfd102-bue.infd.edu.ar\/sitio\/wp-content\/uploads\/2026\/03\/4to-1ra-Ed-Inicial.pdf\" data-type=\"URL\" data-id=\"https:\/\/isfd102-bue.infd.edu.ar\/sitio\/wp-content\/uploads\/2026\/03\/4to-1ra-Ed-Inicial.pdf\">4to-1ra-Ed-Inicial<\/a><\/p>\n\n\n\n<p><a href=\"https:\/\/isfd102-bue.infd.edu.ar\/sitio\/wp-content\/uploads\/2026\/03\/4to-2da-Ed-Inicial.pdf\" data-type=\"URL\" data-id=\"https:\/\/isfd102-bue.infd.edu.ar\/sitio\/wp-content\/uploads\/2026\/03\/4to-2da-Ed-Inicial.pdf\">4to-2da-Ed-Inicial<\/a><\/p>\n\n\n\n<p><\/p>\n\n\n\n<ul>\n<li>Los horarios podr\u00e1n tener modificaciones, durante el ciclo lectivo, de acuerdo a necesidades del servicio.<\/li>\n\n\n\n<li>Los horarios del <strong>CAMPO DE LA PRACTICA DOCENTE<\/strong>  de los 1ros, y 2dos a\u00f1os, el 3er y 4to a\u00f1o,  ser\u00e1n publicados luego de la organizaci\u00f3n de los grupos,  de cada curso, teniendo en cuenta la cantidad de alumnos.<\/li>\n<\/ul>\n","protected":false},"excerpt":{"rendered":"<p>1ro-1ra-Ed.-Inicial 1ro-2da-Ed.-Inicial 2do-1ra-Ed.-Inicial 2da-2da-Ed.-Inicial 3ro-1ro-Ed-Inicial 3ro-2da-Ed-Inicial 4to-1ra-Ed-Inicial 4to-2da-Ed-Inicial<\/p>\n","protected":false},"author":23,"featured_media":0,"parent":0,"menu_order":0,"comment_status":"closed","ping_status":"closed","template":"","meta":[],"acf":[],"_links":{"self":[{"href":"https:\/\/isfd102-bue.infd.edu.ar\/sitio\/wp-json\/wp\/v2\/pages\/2589"}],"collection":[{"href":"https:\/\/isfd102-bue.infd.edu.ar\/sitio\/wp-json\/wp\/v2\/pages"}],"about":[{"href":"https:\/\/isfd102-bue.infd.edu.ar\/sitio\/wp-json\/wp\/v2\/types\/page"}],"author":[{"embeddable":true,"href":"https:\/\/isfd102-bue.infd.edu.ar\/sitio\/wp-json\/wp\/v2\/users\/23"}],"replies":[{"embeddable":true,"href":"https:\/\/isfd102-bue.infd.edu.ar\/sitio\/wp-json\/wp\/v2\/comments?post=2589"}],"version-history":[{"count":23,"href":"https:\/\/isfd102-bue.infd.edu.ar\/sitio\/wp-json\/wp\/v2\/pages\/2589\/revisions"}],"predecessor-version":[{"id":3830,"href":"https:\/\/isfd102-bue.infd.edu.ar\/sitio\/wp-json\/wp\/v2\/pages\/2589\/revisions\/3830"}],"wp:attachment":[{"href":"https:\/\/isfd102-bue.infd.edu.ar\/sitio\/wp-json\/wp\/v2\/media?parent=2589"}],"curies":[{"name":"wp","href":"https:\/\/api.w.org\/{rel}","templated":true}]}}