{"id":2581,"date":"2022-03-17T14:53:02","date_gmt":"2022-03-17T17:53:02","guid":{"rendered":"https:\/\/isfd102-bue.infd.edu.ar\/sitio\/?page_id=2581"},"modified":"2026-03-05T16:14:54","modified_gmt":"2026-03-05T19:14:54","slug":"horarios-prof-ed-primaria","status":"publish","type":"page","link":"https:\/\/isfd102-bue.infd.edu.ar\/sitio\/horarios-prof-ed-primaria\/","title":{"rendered":"HORARIOS PROF. ED. PRIMARIA  2026"},"content":{"rendered":"\n<p><\/p>\n\n\n\n<p><a href=\"https:\/\/isfd102-bue.infd.edu.ar\/sitio\/wp-content\/uploads\/2026\/03\/1er-ano-Ed.-Primaria.pdf\" data-type=\"URL\" data-id=\"https:\/\/isfd102-bue.infd.edu.ar\/sitio\/wp-content\/uploads\/2026\/03\/1er-ano-Ed.-Primaria.pdf\">1er  -Ed.-Primaria<\/a> <\/p>\n\n\n\n<p><a href=\"https:\/\/isfd102-bue.infd.edu.ar\/sitio\/wp-content\/uploads\/2026\/03\/2do-ano-Ed.-Primaria.pdf\" data-type=\"URL\" data-id=\"https:\/\/isfd102-bue.infd.edu.ar\/sitio\/wp-content\/uploads\/2026\/03\/2do-ano-Ed.-Primaria.pdf\">2do  -Ed.-Primaria<\/a><\/p>\n\n\n\n<p><a href=\"https:\/\/isfd102-bue.infd.edu.ar\/sitio\/wp-content\/uploads\/2026\/03\/3er-ano-Ed-Primaria.pdf\" data-type=\"URL\" data-id=\"https:\/\/isfd102-bue.infd.edu.ar\/sitio\/wp-content\/uploads\/2026\/03\/3er-ano-Ed-Primaria.pdf\">3ro   Ed-Primaria<\/a><\/p>\n\n\n\n<p><a href=\"https:\/\/isfd102-bue.infd.edu.ar\/sitio\/wp-content\/uploads\/2026\/03\/4to-ano-Ed-Primaria.pdf\" data-type=\"URL\" data-id=\"https:\/\/isfd102-bue.infd.edu.ar\/sitio\/wp-content\/uploads\/2026\/03\/4to-ano-Ed-Primaria.pdf\">4to Ed  Primaria<\/a><\/p>\n\n\n\n<p><\/p>\n\n\n\n<p><\/p>\n\n\n\n<ul>\n<li>Los horarios podr\u00e1n tener modificaciones, durante el ciclo lectivo,  de acuerdo a necesidades del servicio.<\/li>\n<\/ul>\n\n\n\n<ul>\n<li>Los horarios de <strong>CAMPO DE LA PRACTICA DOCENTE<\/strong>  de 1ro, 2do, 3ro y 4to a\u00f1o ser\u00e1n publicado luego de la organizaci\u00f3n de los<\/li>\n<\/ul>\n\n\n\n<p>      grupos de cada curso, teniendo en cuenta la cantidad de alumno.<\/p>\n","protected":false},"excerpt":{"rendered":"<p>1er -Ed.-Primaria 2do -Ed.-Primaria 3ro Ed-Primaria 4to Ed Primaria grupos de cada curso, teniendo en cuenta la cantidad de alumno.<\/p>\n","protected":false},"author":23,"featured_media":0,"parent":0,"menu_order":0,"comment_status":"closed","ping_status":"closed","template":"","meta":[],"acf":[],"_links":{"self":[{"href":"https:\/\/isfd102-bue.infd.edu.ar\/sitio\/wp-json\/wp\/v2\/pages\/2581"}],"collection":[{"href":"https:\/\/isfd102-bue.infd.edu.ar\/sitio\/wp-json\/wp\/v2\/pages"}],"about":[{"href":"https:\/\/isfd102-bue.infd.edu.ar\/sitio\/wp-json\/wp\/v2\/types\/page"}],"author":[{"embeddable":true,"href":"https:\/\/isfd102-bue.infd.edu.ar\/sitio\/wp-json\/wp\/v2\/users\/23"}],"replies":[{"embeddable":true,"href":"https:\/\/isfd102-bue.infd.edu.ar\/sitio\/wp-json\/wp\/v2\/comments?post=2581"}],"version-history":[{"count":19,"href":"https:\/\/isfd102-bue.infd.edu.ar\/sitio\/wp-json\/wp\/v2\/pages\/2581\/revisions"}],"predecessor-version":[{"id":3827,"href":"https:\/\/isfd102-bue.infd.edu.ar\/sitio\/wp-json\/wp\/v2\/pages\/2581\/revisions\/3827"}],"wp:attachment":[{"href":"https:\/\/isfd102-bue.infd.edu.ar\/sitio\/wp-json\/wp\/v2\/media?parent=2581"}],"curies":[{"name":"wp","href":"https:\/\/api.w.org\/{rel}","templated":true}]}}