{"id":1197,"date":"2018-08-29T18:02:42","date_gmt":"2018-08-29T21:02:42","guid":{"rendered":"https:\/\/isfd102-bue.infd.edu.ar\/sitio\/c-a-i\/"},"modified":"2023-06-03T14:01:13","modified_gmt":"2023-06-03T17:01:13","slug":"c-a-i","status":"publish","type":"page","link":"https:\/\/isfd102-bue.infd.edu.ar\/sitio\/c-a-i\/","title":{"rendered":"C.A.I."},"content":{"rendered":"<p><strong>\u00bfQUE ES EL CAI?<\/strong><\/p>\n<p><em>\u201cLos Consejos Acad\u00e9micos Institucionales ser\u00e1n los \u00f3rganos colegiados de asesoramiento, propuesta, debate y decisi\u00f3n, para una gesti\u00f3n participativa, en el marco de la autonom\u00eda institucional en la unidad del sistema del nivel superior, dentro de las regulaciones de la pol\u00edtica educativa jurisdiccional y federal\u201d.<\/em><em>\u00a0<\/em><\/p>\n<p>El nuevo CAI comenz\u00f3 su gesti\u00f3n en d\u00eda noviembre del 2018. Sus miembros son:<\/p>\n<p><strong>Docentes Titulares<\/strong><\/p>\n<ul>\n<li>Denegri, Mirtha Susana (Profesora: Matem\u00e1tica, Lengua, Ciencias Naturales, Econom\u00eda)<\/li>\n<li>Cieri, Patricia Violeta (Profesora: Ciencias Naturales, Lengua)<\/li>\n<li>\u00c1lvarez, Roxana Andrea (Profesora: Econom\u00eda, Matem\u00e1tica, Naturales, Primaria)<\/li>\n<li>Garc\u00eda, Natalia (Profesora: Matem\u00e1tica)<\/li>\n<li>Cabrera Pisano, Eduardo (Profesor: Ciencias Naturales)<\/li>\n<li>Schuchinsky, Patricia Alejandra (Profesora: Educaci\u00f3n Primaria)<\/li>\n<li>Casiete, Cecilia (Profesora: Econom\u00eda)<\/li>\n<\/ul>\n<p><strong>Docentes Suplentes<\/strong><\/p>\n<ul>\n<li>Ayala, Carolina (Profesora: Inicial, Primaria, Lengua)<\/li>\n<li>Dell Acqua, Paula (Profesora: Lengua)<\/li>\n<li>Canosa, Mar\u00eda Fernanda (Profesora: Educaci\u00f3n Inicial)<\/li>\n<li>Sosa, Olga (Profesora: Matem\u00e1tica, Econom\u00eda y Gesti\u00f3n, Lengua y Literatura)<\/li>\n<li>Faga, Lucas (Profesor: F\u00edsica)<\/li>\n<li>Jofr\u00e9, Pablo (Profesor: Matem\u00e1tica)<\/li>\n<li>Pereyra, Ver\u00f3nica (Preceptora)<\/li>\n<\/ul>\n<p><strong>Alumnos Titulares<\/strong><\/p>\n<ul>\n<li>Reartes, Clarisa Rosana (Biolog\u00eda)<\/li>\n<li>Rom\u00e1n, Noelia (Lengua y Literatura)<\/li>\n<li>Di Iorio, Mar\u00eda Laura (Econom\u00eda y Gesti\u00f3n)<\/li>\n<li>Cifuentes, Carolina (Primaria)<\/li>\n<li>Politano, Juan Manuel (F\u00edsica)<\/li>\n<li>Santa Luc\u00eda, Zaira (Inicial)<\/li>\n<li>Villalba, Sof\u00eda (Matem\u00e1tica)<\/li>\n<\/ul>\n<p><strong>Alumnos Suplentes<\/strong><\/p>\n<ul>\n<li>Paladea, Romina (Biolog\u00eda)<\/li>\n<li>Lobos, Roc\u00edo (Econom\u00eda y Gesti\u00f3n)<\/li>\n<li>Rodr\u00edguez, Macarena (Educaci\u00f3n Inicial)<\/li>\n<li>Villalba, Aldana (Educaci\u00f3n Primaria)<\/li>\n<li>Nocera, Gisele Alejandra (Lengua y Literatura)<\/li>\n<li>Lobasso, M\u00f3nica (F\u00edsica)<\/li>\n<li>Barrientos, Santiago (Matem\u00e1tica)<\/li>\n<\/ul>\n<p><strong>Contacto:<\/strong><\/p>\n<p><strong>correo electr\u00f3nico:<\/strong> cai.isfd102@gmail.com<\/p>\n<div>\n<div>\n<\/div>\n<\/div>\n","protected":false},"excerpt":{"rendered":"<p>\u00bfQUE ES EL CAI? \u201cLos Consejos Acad\u00e9micos Institucionales ser\u00e1n los \u00f3rganos colegiados de asesoramiento, propuesta, debate y decisi\u00f3n, para una gesti\u00f3n participativa, en el marco de la autonom\u00eda institucional en la unidad del sistema del nivel superior, dentro de las regulaciones de la pol\u00edtica educativa jurisdiccional y federal\u201d.\u00a0 El nuevo CAI comenz\u00f3 su gesti\u00f3n en &#8230; <a title=\"C.A.I.\" class=\"read-more\" href=\"https:\/\/isfd102-bue.infd.edu.ar\/sitio\/c-a-i\/\" aria-label=\"More on C.A.I.\">[+]<\/a><\/p>\n","protected":false},"author":361,"featured_media":0,"parent":0,"menu_order":0,"comment_status":"closed","ping_status":"closed","template":"","meta":[],"acf":[],"_links":{"self":[{"href":"https:\/\/isfd102-bue.infd.edu.ar\/sitio\/wp-json\/wp\/v2\/pages\/1197"}],"collection":[{"href":"https:\/\/isfd102-bue.infd.edu.ar\/sitio\/wp-json\/wp\/v2\/pages"}],"about":[{"href":"https:\/\/isfd102-bue.infd.edu.ar\/sitio\/wp-json\/wp\/v2\/types\/page"}],"author":[{"embeddable":true,"href":"https:\/\/isfd102-bue.infd.edu.ar\/sitio\/wp-json\/wp\/v2\/users\/361"}],"replies":[{"embeddable":true,"href":"https:\/\/isfd102-bue.infd.edu.ar\/sitio\/wp-json\/wp\/v2\/comments?post=1197"}],"version-history":[{"count":5,"href":"https:\/\/isfd102-bue.infd.edu.ar\/sitio\/wp-json\/wp\/v2\/pages\/1197\/revisions"}],"predecessor-version":[{"id":3234,"href":"https:\/\/isfd102-bue.infd.edu.ar\/sitio\/wp-json\/wp\/v2\/pages\/1197\/revisions\/3234"}],"wp:attachment":[{"href":"https:\/\/isfd102-bue.infd.edu.ar\/sitio\/wp-json\/wp\/v2\/media?parent=1197"}],"curies":[{"name":"wp","href":"https:\/\/api.w.org\/{rel}","templated":true}]}}