{"id":1160,"date":"2018-08-29T18:02:28","date_gmt":"2018-08-29T21:02:28","guid":{"rendered":"https:\/\/isfd102-bue.infd.edu.ar\/sitio\/docentes-matematica\/"},"modified":"2021-06-09T11:45:08","modified_gmt":"2021-06-09T14:45:08","slug":"docentes-matematica","status":"publish","type":"page","link":"https:\/\/isfd102-bue.infd.edu.ar\/sitio\/docentes-matematica\/","title":{"rendered":"Docentes Matem\u00e1tica"},"content":{"rendered":"<p>&nbsp;<\/p>\n<table style=\"width: 469px;\" border=\"0\" cellspacing=\"0\" cellpadding=\"0\">\n<colgroup>\n<col width=\"214\" \/>\n<col width=\"187\" \/>\n<col width=\"68\" \/> <\/colgroup>\n<tbody>\n<tr>\n<td class=\"xl66\" colspan=\"3\" width=\"469\" height=\"20\"><span style=\"font-family: georgia,palatino; font-size: 10pt;\"><strong>Carrera: Profesorado de tercer ciclo de la EGB y de la Educaci\u00f3n Polimodal en Matem\u00e1tica<\/strong><\/span><\/td>\n<\/tr>\n<tr>\n<td class=\"xl66\" colspan=\"2\" height=\"20\"><span style=\"font-family: georgia,palatino; font-size: 10pt;\"><strong>Resoluci\u00f3n Plan de Estudios\u00a0 13259\/99<\/strong><\/span><\/td>\n<td class=\"xl68\"><span style=\"font-family: georgia,palatino; font-size: 10pt;\"><strong>\u00a0<\/strong><\/span><\/td>\n<\/tr>\n<tr>\n<td class=\"xl66\" height=\"20\"><span style=\"font-family: georgia,palatino; font-size: 10pt;\"><strong>\u00a0<\/strong><\/span><\/td>\n<td class=\"xl66\"><span style=\"font-family: georgia,palatino; font-size: 10pt;\"><strong>\u00a0<\/strong><\/span><\/td>\n<td class=\"xl68\"><span style=\"font-family: georgia,palatino; font-size: 10pt;\"><strong>\u00a0<\/strong><\/span><\/td>\n<\/tr>\n<tr>\n<td class=\"xl66\" height=\"20\"><span style=\"font-family: georgia,palatino; font-size: 10pt;\"><strong>Curso: 1\u00ba A\u00f1o &#8211;\u00a0<\/strong><\/span><\/td>\n<td class=\"xl66\"><span style=\"font-family: georgia,palatino; font-size: 10pt;\"><strong>\u00a0<\/strong><\/span><\/td>\n<td class=\"xl67\"><span style=\"font-family: georgia,palatino; font-size: 10pt;\"><strong>\u00a0<\/strong><\/span><\/td>\n<\/tr>\n<tr>\n<td class=\"xl72\" height=\"20\"><span style=\"font-family: georgia,palatino; font-size: 10pt;\"><strong>C\u00e1tedra<\/strong><\/span><\/td>\n<td class=\"xl72\"><span style=\"font-family: georgia,palatino; font-size: 10pt;\"><strong>Profesor<\/strong><\/span><\/td>\n<td class=\"xl73\" style=\"text-align: center;\" width=\"68\"><span style=\"font-family: georgia,palatino; font-size: 10pt;\"><strong>M\u00f3d<\/strong><\/span><\/td>\n<\/tr>\n<tr>\n<td class=\"xl75\" width=\"214\" height=\"20\"><span style=\"font-family: georgia,palatino; font-size: 10pt;\">Pedagog\u00eda<\/span><\/td>\n<td class=\"xl77\"><span style=\"font-family: georgia,palatino; font-size: 10pt;\">Romeo, Elizabeth<\/span><\/td>\n<td class=\"xl88\" style=\"text-align: center;\"><span style=\"font-family: georgia,palatino; font-size: 10pt;\">2<\/span><\/td>\n<\/tr>\n<tr>\n<td class=\"xl75\" width=\"214\" height=\"20\"><span style=\"font-family: georgia,palatino; font-size: 10pt;\">Problem\u00e1ticas socio institucionales<\/span><\/td>\n<td class=\"xl77\"><span style=\"font-family: georgia,palatino; font-size: 10pt;\">Denegri, Mirtha Susana<\/span><\/td>\n<td class=\"xl89\" style=\"text-align: center;\"><span style=\"font-family: georgia,palatino; font-size: 10pt;\">2<\/span><\/td>\n<\/tr>\n<tr>\n<td class=\"xl75\" width=\"214\" height=\"20\"><span style=\"font-family: georgia,palatino; font-size: 10pt;\">Did\u00e1ctica general<\/span><\/td>\n<td class=\"xl83\" style=\"text-align: left;\"><span style=\"font-family: georgia,palatino; font-size: 10pt;\">Spoglia, Stella Maris<\/span><\/td>\n<td class=\"xl90\" style=\"text-align: center;\"><span style=\"font-family: georgia,palatino; font-size: 10pt;\">3\u00a0<\/span><\/td>\n<\/tr>\n<tr>\n<td class=\"xl75\" width=\"214\" height=\"20\"><span style=\"font-family: georgia,palatino; font-size: 10pt;\">Introducci\u00f3n al c\u00e1lculo<\/span><\/td>\n<td class=\"xl77\"><span style=\"font-family: georgia,palatino; font-size: 10pt;\">Garc\u00eda, Marcela<\/span><\/td>\n<td class=\"xl91\" style=\"text-align: center;\"><span style=\"font-family: georgia,palatino; font-size: 10pt;\">5<\/span><\/td>\n<\/tr>\n<tr>\n<td class=\"xl75\" width=\"214\" height=\"20\"><span style=\"font-family: georgia,palatino; font-size: 10pt;\">Geometr\u00eda m\u00e9trica<\/span><\/td>\n<td class=\"xl83\" style=\"text-align: left;\"><span style=\"font-family: georgia,palatino; font-size: 10pt;\">Aguirre, Patricia<\/span><\/td>\n<td class=\"xl91\" style=\"text-align: center;\"><span style=\"font-family: georgia,palatino; font-size: 10pt;\">\u00a04<\/span><\/td>\n<\/tr>\n<tr>\n<td class=\"xl75\" width=\"214\" height=\"20\"><span style=\"font-family: georgia,palatino; font-size: 10pt;\">\u00c1lgebra I<\/span><\/td>\n<td class=\"xl74\"><span style=\"font-family: georgia,palatino; font-size: 10pt;\">Aguirre, Patricia<\/span><\/td>\n<td class=\"xl90\" style=\"text-align: center;\"><span style=\"font-family: georgia,palatino; font-size: 10pt;\">3<\/span><\/td>\n<\/tr>\n<tr>\n<td class=\"xl75\" width=\"214\" height=\"20\"><span style=\"font-family: georgia,palatino; font-size: 10pt;\">Campo de la Formaci\u00f3n Pr\u00e1ctica Profesional 1. El trabajo docente: complejidades y entramados<\/span><\/td>\n<td class=\"xl77\"><span style=\"font-family: georgia,palatino; font-size: 10pt;\">Jim\u00e9nez, Marcela<\/span><\/td>\n<td class=\"xl90\" style=\"text-align: center;\"><span style=\"font-family: georgia,palatino; font-size: 10pt;\">3<\/span><\/td>\n<\/tr>\n<tr>\n<td class=\"xl75\" width=\"214\" height=\"20\"><span style=\"font-family: georgia,palatino; font-size: 10pt;\">Aptitud fonoaudiol\u00f3gica<\/span><\/td>\n<td class=\"xl77\"><\/td>\n<td class=\"xl90\" style=\"text-align: center;\"><\/td>\n<\/tr>\n<tr>\n<td height=\"20\"><span style=\"font-family: georgia,palatino; font-size: 10pt;\">\u00a0<\/span><\/td>\n<td><span style=\"font-family: georgia,palatino; font-size: 10pt;\">\u00a0<\/span><\/td>\n<td><span style=\"font-family: georgia,palatino; font-size: 10pt;\">\u00a0<\/span><\/td>\n<\/tr>\n<tr>\n<td class=\"xl66\" height=\"20\"><span style=\"font-family: georgia,palatino; font-size: 10pt;\"><strong>Curso: 2\u00ba A\u00f1o &#8211;\u00a0<\/strong><\/span><\/td>\n<td class=\"xl66\"><span style=\"font-family: georgia,palatino; font-size: 10pt;\"><strong>\u00a0<\/strong><\/span><\/td>\n<td class=\"xl67\"><span style=\"font-family: georgia,palatino; font-size: 10pt;\"><strong>\u00a0<\/strong><\/span><\/td>\n<\/tr>\n<tr>\n<td class=\"xl72\" height=\"20\"><span style=\"font-family: georgia,palatino; font-size: 10pt;\"><strong>C\u00e1tedra<\/strong><\/span><\/td>\n<td class=\"xl72\"><span style=\"font-family: georgia,palatino; font-size: 10pt;\"><strong>Profesor<\/strong><\/span><\/td>\n<td class=\"xl73\" style=\"text-align: center;\" width=\"68\"><span style=\"font-family: georgia,palatino; font-size: 10pt;\"><strong>M\u00f3d<\/strong><\/span><\/td>\n<\/tr>\n<tr>\n<td class=\"xl92\" width=\"214\" height=\"20\"><span style=\"font-family: georgia,palatino; font-size: 10pt;\">Historia y pol\u00edtica de la educaci\u00f3n argentina<\/span><\/td>\n<td class=\"xl93\"><\/td>\n<td class=\"xl88\" style=\"text-align: center;\"><span style=\"font-family: georgia,palatino; font-size: 10pt;\">2<\/span><\/td>\n<\/tr>\n<tr>\n<td class=\"xl82\" width=\"214\" height=\"20\"><span style=\"font-family: georgia,palatino; font-size: 10pt;\">Ense\u00f1ar con tecnolog\u00edas<\/span><\/td>\n<td class=\"xl84\"><span style=\"font-family: georgia,palatino; font-size: 10pt;\">Traverso Vior, Natacha<\/span><\/td>\n<td class=\"xl90\" style=\"text-align: center;\"><span style=\"font-family: georgia,palatino; font-size: 10pt;\">2<\/span><\/td>\n<\/tr>\n<tr>\n<td class=\"xl69\" width=\"214\" height=\"20\"><span style=\"font-family: georgia,palatino; font-size: 10pt;\">Perspectivas acerca de los sujetos de la educaci\u00f3n<\/span><\/td>\n<td class=\"xl70\"><span style=\"font-family: georgia,palatino; font-size: 10pt;\">\u00c1lvarez, Roxana<\/span><\/td>\n<td class=\"xl90\" style=\"text-align: center;\"><span style=\"font-family: georgia,palatino; font-size: 10pt;\">2<\/span><\/td>\n<\/tr>\n<tr>\n<td class=\"xl82\" width=\"214\" height=\"20\"><span style=\"font-family: georgia,palatino; font-size: 10pt;\">Geometr\u00eda anal\u00edtica<\/span><\/td>\n<td class=\"xl84\"><span style=\"font-family: georgia,palatino; font-size: 10pt;\">Garc\u00eda, Natalia<\/span><\/td>\n<td class=\"xl90\" style=\"text-align: center;\"><span style=\"font-family: georgia,palatino; font-size: 10pt;\">3<\/span><\/td>\n<\/tr>\n<tr>\n<td class=\"xl82\" width=\"214\" height=\"20\"><span style=\"font-family: georgia,palatino; font-size: 10pt;\">Historia de la matem\u00e1tica<\/span><\/td>\n<td class=\"xl84\"><span style=\"font-family: georgia,palatino; font-size: 10pt;\">Ferreyra, Rosa<\/span><\/td>\n<td class=\"xl90\" style=\"text-align: center;\"><span style=\"font-family: georgia,palatino; font-size: 10pt;\">2<\/span><\/td>\n<\/tr>\n<tr>\n<td class=\"xl82\" width=\"214\" height=\"20\"><span style=\"font-family: georgia,palatino; font-size: 10pt;\">Did\u00e1ctica de la matem\u00e1tica I: Did\u00e1ctica y curr\u00edculum<\/span><\/td>\n<td class=\"xl84\"><span style=\"font-family: georgia,palatino; font-size: 10pt;\">N\u00fa\u00f1ez, Lorena<\/span><\/td>\n<td class=\"xl90\" style=\"text-align: center;\"><span style=\"font-family: georgia,palatino; font-size: 10pt;\">2<\/span><\/td>\n<\/tr>\n<tr>\n<td class=\"xl82\" width=\"214\" height=\"20\"><span style=\"font-family: georgia,palatino; font-size: 10pt;\">C\u00e1lculo<\/span><\/td>\n<td class=\"xl84\"><span style=\"font-family: georgia,palatino; font-size: 10pt;\">Jofr\u00e9, Pablo<\/span><\/td>\n<td class=\"xl90\" style=\"text-align: center;\"><span style=\"font-family: georgia,palatino; font-size: 10pt;\">4<\/span><\/td>\n<\/tr>\n<tr>\n<td class=\"xl82\" width=\"214\" height=\"20\"><span style=\"font-family: georgia,palatino; font-size: 10pt;\">\u00c1lgebra II<\/span><\/td>\n<td class=\"xl84\"><span style=\"font-family: georgia,palatino; font-size: 10pt;\">Garc\u00eda, Natalia<\/span><\/td>\n<td class=\"xl90\" style=\"text-align: center;\"><span style=\"font-family: georgia,palatino; font-size: 10pt;\">4<\/span><\/td>\n<\/tr>\n<tr>\n<td class=\"xl82\" width=\"214\" height=\"20\"><span style=\"font-family: georgia,palatino; font-size: 10pt;\">Campo de la Formaci\u00f3n Pr\u00e1ctica Profesional 2: La construcci\u00f3n del trabajo docente en la escuela secundaria<\/span><\/td>\n<td class=\"xl84\"><span style=\"font-family: georgia,palatino; font-size: 10pt;\">Jofr\u00e9, Pablo (Comisi\u00f3n 1)<\/span><\/p>\n<p><span style=\"font-family: georgia,palatino; font-size: 10pt;\">Aguirre, Patricia (Com 2)<\/span><\/td>\n<td class=\"xl90\" style=\"text-align: center;\"><span style=\"font-family: georgia,palatino; font-size: 10pt;\">4<\/span><\/td>\n<\/tr>\n<tr>\n<td class=\"xl81\" width=\"214\" height=\"20\"><span style=\"font-family: georgia,palatino; font-size: 10pt;\">\u00a0<\/span><\/td>\n<td class=\"xl86\"><span style=\"font-family: georgia,palatino; font-size: 10pt;\">\u00a0<\/span><\/td>\n<td class=\"xl87\"><span style=\"font-family: georgia,palatino; font-size: 10pt;\">\u00a0<\/span><\/td>\n<\/tr>\n<tr>\n<td class=\"xl66\" height=\"20\"><span style=\"font-family: georgia,palatino; font-size: 10pt;\"><strong>Curso: 3\u00ba A\u00f1o\u00a0<\/strong><\/span><\/td>\n<td class=\"xl66\"><span style=\"font-family: georgia,palatino; font-size: 10pt;\"><strong>\u00a0<\/strong><\/span><\/td>\n<td class=\"xl67\"><span style=\"font-family: georgia,palatino; font-size: 10pt;\"><strong>\u00a0<\/strong><\/span><\/td>\n<\/tr>\n<tr>\n<td class=\"xl72\" height=\"20\"><span style=\"font-family: georgia,palatino; font-size: 10pt;\"><strong>C\u00e1tedra<\/strong><\/span><\/td>\n<td class=\"xl72\"><span style=\"font-family: georgia,palatino; font-size: 10pt;\"><strong>Profesor<\/strong><\/span><\/td>\n<td class=\"xl73\" style=\"text-align: center;\" width=\"68\"><span style=\"font-family: georgia,palatino; font-size: 10pt;\"><strong>M\u00f3d<\/strong><\/span><\/td>\n<\/tr>\n<tr>\n<td class=\"xl92\" width=\"214\" height=\"20\"><span style=\"font-family: georgia,palatino; font-size: 10pt;\">Educaci\u00f3n para la diversidad<\/span><\/td>\n<td class=\"xl93\"><span style=\"font-family: georgia,palatino; font-size: 10pt;\">Sosa, Olga Dora<\/span><\/td>\n<td class=\"xl88\" style=\"text-align: center;\"><span style=\"font-family: georgia,palatino; font-size: 10pt;\">2<\/span><\/td>\n<\/tr>\n<tr>\n<td class=\"xl82\" width=\"214\" height=\"20\"><span style=\"font-family: georgia,palatino; font-size: 10pt;\">La evaluaci\u00f3n de los aprendizajes<\/span><\/td>\n<td class=\"xl84\"><span style=\"font-family: georgia,palatino; font-size: 10pt;\">Ledesma, Patricia<\/span><\/td>\n<td class=\"xl90\" style=\"text-align: center;\"><span style=\"font-family: georgia,palatino; font-size: 10pt;\">2<\/span><\/td>\n<\/tr>\n<tr>\n<td class=\"xl82\" width=\"214\" height=\"20\"><span style=\"font-family: georgia,palatino; font-size: 10pt;\">Filosof\u00eda y educaci\u00f3n<\/span><\/td>\n<td class=\"xl84\"><span style=\"font-family: georgia,palatino; font-size: 10pt;\">Saad Chedid, Cristina<\/span><\/td>\n<td class=\"xl90\" style=\"text-align: center;\"><span style=\"font-family: georgia,palatino; font-size: 10pt;\">2<\/span><\/td>\n<\/tr>\n<tr>\n<td class=\"xl82\" width=\"214\" height=\"20\"><span style=\"font-family: georgia,palatino; font-size: 10pt;\">Oferta de unidades curriculares optativas para el estudiante: Nivel 1 de ingl\u00e9s<\/span><\/td>\n<td class=\"xl84\"><\/td>\n<td class=\"xl90\" style=\"text-align: center;\"><span style=\"font-family: georgia,palatino; font-size: 10pt;\">2<\/span><\/td>\n<\/tr>\n<tr>\n<td class=\"xl82\" width=\"214\" height=\"20\"><span style=\"font-family: georgia,palatino; font-size: 10pt;\">Oferta de unidades curriculares optativas para el estudiante: Oratoria y ret\u00f3rica docente<\/span><\/td>\n<td class=\"xl84\"><\/td>\n<td class=\"xl90\" style=\"text-align: center;\"><span style=\"font-family: georgia,palatino; font-size: 10pt;\">2<\/span><\/td>\n<\/tr>\n<tr>\n<td class=\"xl82\" width=\"214\" height=\"20\"><span style=\"font-family: georgia,palatino; font-size: 10pt;\">Complementos de c\u00e1lculo<\/span><\/td>\n<td class=\"xl94\"><span style=\"font-family: georgia,palatino; font-size: 10pt;\">D&#8217;Andrea, Leonardo<\/span><\/td>\n<td class=\"xl90\" style=\"text-align: center;\"><span style=\"font-family: georgia,palatino; font-size: 10pt;\">4<\/span><\/td>\n<\/tr>\n<tr>\n<td class=\"xl82\" width=\"214\" height=\"20\"><span style=\"font-family: georgia,palatino; font-size: 10pt;\">Probabilidad y Estad\u00edstica<\/span><\/td>\n<td class=\"xl94\"><span style=\"font-family: georgia,palatino; font-size: 10pt;\">D&#8217;Andrea, Leonardo<\/span><\/td>\n<td class=\"xl90\" style=\"text-align: center;\"><span style=\"font-family: georgia,palatino; font-size: 10pt;\">3<\/span><\/td>\n<\/tr>\n<tr>\n<td class=\"xl82\" width=\"214\" height=\"20\"><span style=\"font-family: georgia,palatino; font-size: 10pt;\">\u00c1lgebra superior y elementos de topolog\u00eda<\/span><\/td>\n<td class=\"xl94\"><span style=\"font-family: georgia,palatino; font-size: 10pt;\">Garc\u00eda, Natalia<\/span><\/td>\n<td class=\"xl90\" style=\"text-align: center;\"><span style=\"font-family: georgia,palatino; font-size: 10pt;\">4<\/span><\/td>\n<\/tr>\n<tr>\n<td class=\"xl82\" width=\"214\" height=\"20\"><span style=\"font-family: georgia,palatino; font-size: 10pt;\">Did\u00e1ctica de la matem\u00e1tica II: Ense\u00f1anza con TIC<\/span><\/td>\n<td class=\"xl94\"><span style=\"font-family: georgia,palatino; font-size: 10pt;\">N\u00fa\u00f1ez, Lorena<\/span><\/td>\n<td class=\"xl90\" style=\"text-align: center;\"><span style=\"font-family: georgia,palatino; font-size: 10pt;\">2<\/span><\/td>\n<\/tr>\n<tr>\n<td class=\"xl82\" width=\"214\" height=\"20\"><span style=\"font-family: georgia,palatino; font-size: 10pt;\">Campo de la Formaci\u00f3n Pr\u00e1ctica Profesional 3: La construcci\u00f3n de la tarea docente espec\u00edfica en la ense\u00f1anza del nivel<\/span><\/td>\n<td class=\"xl94\"><span style=\"font-family: georgia,palatino; font-size: 10pt;\">Rivolta, Federico (Com 1)<\/span><\/p>\n<p><span style=\"font-family: georgia,palatino; font-size: 10pt;\">Aguirre, Patricia (Com 2)<\/span><\/td>\n<td class=\"xl90\" style=\"text-align: center;\"><span style=\"font-family: georgia,palatino; font-size: 10pt;\">4<\/span><\/td>\n<\/tr>\n<tr>\n<td height=\"20\"><span style=\"font-family: georgia,palatino; font-size: 10pt;\">\u00a0<\/span><\/td>\n<td class=\"xl71\"><span style=\"font-family: georgia,palatino; font-size: 10pt;\">\u00a0<\/span><\/td>\n<td><span style=\"font-family: georgia,palatino; font-size: 10pt;\">\u00a0<\/span><\/td>\n<\/tr>\n<tr>\n<td class=\"xl66\" height=\"20\"><span style=\"font-family: georgia,palatino; font-size: 10pt;\"><strong>Curso: 4\u00ba A\u00f1o &#8211;\u00a0<\/strong><\/span><\/td>\n<td class=\"xl66\"><span style=\"font-family: georgia,palatino; font-size: 10pt;\"><strong>\u00a0<\/strong><\/span><\/td>\n<td class=\"xl67\"><span style=\"font-family: georgia,palatino; font-size: 10pt;\"><strong>\u00a0<\/strong><\/span><\/td>\n<\/tr>\n<tr>\n<td class=\"xl72\" height=\"20\"><span style=\"font-family: georgia,palatino; font-size: 10pt;\"><strong>C\u00e1tedra<\/strong><\/span><\/td>\n<td class=\"xl72\"><span style=\"font-family: georgia,palatino; font-size: 10pt;\"><strong>Profesor<\/strong><\/span><\/td>\n<td class=\"xl73\" style=\"text-align: center;\" width=\"68\"><span style=\"font-family: georgia,palatino; font-size: 10pt;\"><strong>M\u00f3d<\/strong><\/span><\/td>\n<\/tr>\n<tr>\n<td class=\"xl95\" width=\"214\" height=\"20\"><span style=\"font-family: georgia,palatino; font-size: 10pt;\">An\u00e1lisis e intervenciones en situaciones de convivencia escolar<\/span><\/td>\n<td class=\"xl93\"><\/td>\n<td class=\"xl78\" style=\"text-align: center;\"><span style=\"font-family: georgia,palatino; font-size: 10pt;\">2<\/span><\/td>\n<\/tr>\n<tr>\n<td class=\"xl95\" width=\"214\" height=\"20\"><span style=\"font-family: georgia,palatino; font-size: 10pt;\">Oferta de unidades curriculares optativas para el estudiante. Nivel 2 de ingl\u00e9s<\/span><\/td>\n<td class=\"xl84\"><span style=\"font-family: georgia,palatino; font-size: 10pt;\">L\u00f3pez Meriggi, M\u00f3nica<\/span><\/td>\n<td class=\"xl78\" style=\"text-align: center;\"><span style=\"font-family: georgia,palatino; font-size: 10pt;\">2<\/span><\/td>\n<\/tr>\n<tr>\n<td class=\"xl95\" width=\"214\" height=\"20\"><span style=\"font-family: georgia,palatino; font-size: 10pt;\">Oferta de unidades curriculares optativas para el estudiante. Tutor\u00edas y orientaci\u00f3n escolar<\/span><\/td>\n<td class=\"xl84\"><\/td>\n<td class=\"xl78\" style=\"text-align: center;\"><span style=\"font-family: georgia,palatino; font-size: 10pt;\">2<\/span><\/td>\n<\/tr>\n<tr>\n<td class=\"xl95\" width=\"214\" height=\"20\"><span style=\"font-family: georgia,palatino; font-size: 10pt;\">Seminario de temas de f\u00edsica<\/span><\/td>\n<td class=\"xl84\"><span style=\"font-family: georgia,palatino; font-size: 10pt;\">Nicolazzo, Ana<\/span><\/td>\n<td class=\"xl78\" style=\"text-align: center;\"><span style=\"font-family: georgia,palatino; font-size: 10pt;\">3<\/span><\/td>\n<\/tr>\n<tr>\n<td class=\"xl95\" width=\"214\" height=\"20\"><span style=\"font-family: georgia,palatino; font-size: 10pt;\">Fundamentos de la Matem\u00e1tica<\/span><\/td>\n<td class=\"xl84\"><span style=\"font-family: georgia,palatino; font-size: 10pt;\">Rivolta, Federico Nicol\u00e1s<\/span><\/td>\n<td class=\"xl78\" style=\"text-align: center;\"><span style=\"font-family: georgia,palatino; font-size: 10pt;\">3<\/span><\/td>\n<\/tr>\n<tr>\n<td class=\"xl95\" width=\"214\" height=\"20\"><span style=\"font-family: georgia,palatino; font-size: 10pt;\">Matem\u00e1tica Aplicada<\/span><\/td>\n<td class=\"xl84\"><span style=\"font-family: georgia,palatino; font-size: 10pt;\">Rivolta, Federico Nicol\u00e1s<\/span><\/td>\n<td class=\"xl78\" style=\"text-align: center;\"><span style=\"font-family: georgia,palatino; font-size: 10pt;\">3<\/span><\/td>\n<\/tr>\n<tr>\n<td class=\"xl95\" width=\"214\" height=\"20\"><span style=\"font-family: georgia,palatino; font-size: 10pt;\">Geometr\u00edas no euclidianas, geometr\u00eda proyectiva y fractal<\/span><\/td>\n<td class=\"xl84\"><\/td>\n<td class=\"xl78\" style=\"text-align: center;\"><span style=\"font-family: georgia,palatino; font-size: 10pt;\">2<\/span><\/td>\n<\/tr>\n<tr>\n<td class=\"xl95\" width=\"214\" height=\"20\"><span style=\"font-family: georgia,palatino; font-size: 10pt;\">Did\u00e1ctica de la matem\u00e1tica III<\/span><\/td>\n<td class=\"xl84\"><span style=\"font-family: georgia,palatino; font-size: 10pt;\">N\u00fa\u00f1ez, Lorena<\/span><\/td>\n<td class=\"xl78\" style=\"text-align: center;\"><span style=\"font-family: georgia,palatino; font-size: 10pt;\">2<\/span><\/td>\n<\/tr>\n<tr>\n<td class=\"xl95\" width=\"214\" height=\"20\"><span style=\"font-family: georgia,palatino; font-size: 10pt;\">Espacio de Definici\u00f3n Institucional<\/span><\/td>\n<td class=\"xl94\"><\/td>\n<td class=\"xl78\" style=\"text-align: center;\"><span style=\"font-family: georgia,palatino; font-size: 10pt;\">2<\/span><\/td>\n<\/tr>\n<tr>\n<td class=\"xl85\" width=\"214\" height=\"20\"><span style=\"font-family: georgia,palatino; font-size: 10pt;\">Campo de la Formaci\u00f3n Pr\u00e1ctica Profesional 4: La reflexi\u00f3n sobre la tarea docente<\/span><\/td>\n<td class=\"xl96\"><span style=\"font-family: georgia,palatino; font-size: 10pt;\">N\u00fa\u00f1ez, Lorena<\/span><\/td>\n<td class=\"xl78\" style=\"text-align: center;\"><span style=\"font-family: georgia,palatino; font-size: 10pt;\">6<\/span><\/td>\n<\/tr>\n<\/tbody>\n<\/table>\n<p>&nbsp;<\/p>\n","protected":false},"excerpt":{"rendered":"<p>&nbsp; Carrera: Profesorado de tercer ciclo de la EGB y de la Educaci\u00f3n Polimodal en Matem\u00e1tica Resoluci\u00f3n Plan de Estudios\u00a0 13259\/99 \u00a0 \u00a0 \u00a0 \u00a0 Curso: 1\u00ba A\u00f1o &#8211;\u00a0 \u00a0 \u00a0 C\u00e1tedra Profesor M\u00f3d Pedagog\u00eda Romeo, Elizabeth 2 Problem\u00e1ticas socio institucionales Denegri, Mirtha Susana 2 Did\u00e1ctica general Spoglia, Stella Maris 3\u00a0 Introducci\u00f3n al c\u00e1lculo Garc\u00eda, &#8230; <a title=\"Docentes Matem\u00e1tica\" class=\"read-more\" href=\"https:\/\/isfd102-bue.infd.edu.ar\/sitio\/docentes-matematica\/\" aria-label=\"More on Docentes Matem\u00e1tica\">[+]<\/a><\/p>\n","protected":false},"author":361,"featured_media":0,"parent":0,"menu_order":0,"comment_status":"closed","ping_status":"closed","template":"","meta":[],"acf":[],"_links":{"self":[{"href":"https:\/\/isfd102-bue.infd.edu.ar\/sitio\/wp-json\/wp\/v2\/pages\/1160"}],"collection":[{"href":"https:\/\/isfd102-bue.infd.edu.ar\/sitio\/wp-json\/wp\/v2\/pages"}],"about":[{"href":"https:\/\/isfd102-bue.infd.edu.ar\/sitio\/wp-json\/wp\/v2\/types\/page"}],"author":[{"embeddable":true,"href":"https:\/\/isfd102-bue.infd.edu.ar\/sitio\/wp-json\/wp\/v2\/users\/361"}],"replies":[{"embeddable":true,"href":"https:\/\/isfd102-bue.infd.edu.ar\/sitio\/wp-json\/wp\/v2\/comments?post=1160"}],"version-history":[{"count":3,"href":"https:\/\/isfd102-bue.infd.edu.ar\/sitio\/wp-json\/wp\/v2\/pages\/1160\/revisions"}],"predecessor-version":[{"id":2441,"href":"https:\/\/isfd102-bue.infd.edu.ar\/sitio\/wp-json\/wp\/v2\/pages\/1160\/revisions\/2441"}],"wp:attachment":[{"href":"https:\/\/isfd102-bue.infd.edu.ar\/sitio\/wp-json\/wp\/v2\/media?parent=1160"}],"curies":[{"name":"wp","href":"https:\/\/api.w.org\/{rel}","templated":true}]}}