{"id":1147,"date":"2018-08-29T18:02:23","date_gmt":"2018-08-29T21:02:23","guid":{"rendered":"https:\/\/isfd102-bue.infd.edu.ar\/sitio\/plan-de-estudios-economia-y-gestion\/"},"modified":"2018-12-11T20:57:07","modified_gmt":"2018-12-11T23:57:07","slug":"plan-de-estudios-economia-y-gestion","status":"publish","type":"page","link":"https:\/\/isfd102-bue.infd.edu.ar\/sitio\/plan-de-estudios-economia-y-gestion\/","title":{"rendered":"Plan de Estudios Econom\u00eda y Gesti\u00f3n"},"content":{"rendered":"<h3 style=\"text-align: center;\"><a href=\"https:\/\/isfd102-bue.infd.edu.ar\/sitio\/wp-content\/uploads\/2018\/12\/Dise\u00f1o-curricular-Profesorado-de-economia-y-gestion.pdf\">HACE CLIC AQU\u00cd PARA DESCARGAR EL DISE\u00d1O CURRICULAR<\/a><\/h3>\n<p>&nbsp;<\/p>\n<h3><span style=\"font-size: 10pt;\">1er. A\u00f1o<\/span><\/h3>\n<table border=\"1\" cellspacing=\"0\" cellpadding=\"0\">\n<tbody>\n<tr>\n<td style=\"text-align: center;\" colspan=\"3\" width=\"227\"><strong>ESPACIO DE LA FUNDAMENTACI\u00d3N PEDAGOGICA<\/strong><\/td>\n<td style=\"text-align: center;\" width=\"76\"><strong>ESPACIO DE LA ESPECIA-LIZACI\u00d3N POR NIVELES<\/strong><\/td>\n<td colspan=\"6\" width=\"454\"><strong>ESPACIO DE LA ORIENTACI\u00d3N<\/strong><\/td>\n<\/tr>\n<tr>\n<td width=\"76\">Perspectiva Filos\u00f3fico-Pedag\u00f3gica I<\/td>\n<td width=\"76\">Perspectiva Pedag\u00f3gico-Did\u00e1ctica I<\/td>\n<td width=\"76\">Perspectiva Socio-Pol\u00edtica<\/td>\n<td width=\"76\">Psicolog\u00eda y Cultura en la Educaci\u00f3n<\/td>\n<td width=\"76\">Teor\u00eda de las Organi-zaciones<\/td>\n<td width=\"76\">Sociolog\u00eda<\/td>\n<td width=\"76\">Econom\u00eda<\/td>\n<td width=\"76\">Geogra-f\u00eda Econ\u00f3-mica<\/td>\n<td width=\"76\">Ciencias Pol\u00edticas y Derecho Constitu-cional<\/td>\n<td width=\"76\">Mate-m\u00e1tica I<\/td>\n<\/tr>\n<tr>\n<td width=\"76\">2 hs.<\/td>\n<td width=\"76\">2 hs.<\/td>\n<td width=\"76\">2 hs.<\/td>\n<td width=\"76\">2 hs.<\/td>\n<td width=\"76\">2 hs.<\/td>\n<td width=\"76\">2 hs.<\/td>\n<td width=\"76\">2 hs.<\/td>\n<td width=\"76\">2 hs.<\/td>\n<td width=\"76\">2 hs.<\/td>\n<td width=\"76\">2 hs.<\/td>\n<\/tr>\n<tr>\n<td colspan=\"10\" valign=\"top\" width=\"756\"><strong>ESPACIO DE LA PR\u00c1CTICA DOCENTE I<\/strong><\/td>\n<\/tr>\n<\/tbody>\n<\/table>\n<p><strong>\u00a02do. A\u00f1o<\/strong><\/p>\n<table border=\"1\" cellspacing=\"0\" cellpadding=\"0\">\n<tbody>\n<tr>\n<td style=\"text-align: center;\" colspan=\"2\" width=\"151\"><strong>ESPACIO DE LA FUNDAMENTACI\u00d3N PEDAGOGICA<\/strong><\/td>\n<td style=\"text-align: center;\" width=\"76\"><strong>ESPACIO DE LA ESPECIA-LIZACI\u00d3N POR NIVELES<\/strong><\/td>\n<td style=\"text-align: center;\" colspan=\"6\" width=\"605\"><strong>ESPACIO DE LA ORIENTACI\u00d3N<\/strong><\/td>\n<\/tr>\n<tr>\n<td width=\"76\">Perspectiva Filos\u00f3fico-Pedag\u00f3gica<strong> I<\/strong><\/td>\n<td width=\"76\">Perspectiva Pedag\u00f3gico-Did\u00e1ctica II(Did\u00e1ctica Especial)<\/td>\n<td width=\"76\">Psicolog\u00eda y Cultura del Alumno de Polimodal<\/td>\n<td width=\"151\">Sistemas de Informaci\u00f3n Contable I<\/td>\n<td width=\"76\">Computaci\u00f3n Aplicada a la Contabilidad<\/td>\n<td width=\"76\">Adminis-traci\u00f3n de Recursos Humanos<\/td>\n<td width=\"151\">Microe-conom\u00eda<\/td>\n<td width=\"76\">Derecho Civil<\/td>\n<td width=\"76\">Matem\u00e1tica II<\/td>\n<\/tr>\n<tr>\n<td width=\"76\">2 hs.<\/td>\n<td width=\"76\">2 hs.<\/td>\n<td width=\"76\">2 hs.<\/td>\n<td width=\"151\">3 hs.<\/td>\n<td width=\"76\">2 hs.<\/td>\n<td width=\"76\">2 hs.<\/td>\n<td width=\"151\">3 hs.<\/td>\n<td width=\"76\">2 hs.<\/td>\n<td width=\"76\">2 hs.<\/td>\n<\/tr>\n<tr>\n<td colspan=\"9\" valign=\"top\" width=\"832\"><strong>ESPACIO DE LA PR\u00c1CTICA DOCENTE II<\/strong><\/td>\n<\/tr>\n<\/tbody>\n<\/table>\n<p><strong>\u00a0<span style=\"font-size: 10pt;\">3er. A\u00f1o<\/span><\/strong><\/p>\n<table border=\"1\" cellspacing=\"0\" cellpadding=\"0\">\n<tbody>\n<tr>\n<td style=\"text-align: center;\" colspan=\"2\" width=\"151\"><strong>ESPACIO DE LA FUNDAMENTACI\u00d3N PEDAGOGICA<\/strong><\/td>\n<td colspan=\"7\" width=\"605\"><strong>ESPACIO DE LA ORIENTACI\u00d3N<\/strong><\/td>\n<\/tr>\n<tr>\n<td width=\"76\">Perspectiva Filos\u00f3fico-Pedag\u00f3gica<\/td>\n<td width=\"76\">Perspectiva Pol\u00edtico-Institucional<\/td>\n<td width=\"151\">Sistemas de\u00a0 Informaci\u00f3n Contable II<\/td>\n<td width=\"76\">Sistemas Adminis-trativos<\/td>\n<td width=\"76\">Costos<\/td>\n<td width=\"76\">Macroe-conom\u00eda<\/td>\n<td width=\"76\">Derecho Comercial<\/td>\n<td width=\"76\">Modelos Matem\u00e1ticos y Estad\u00edsticos Aplicados a los Negocios I<\/td>\n<td width=\"76\">Econom\u00eda y Gesti\u00f3n y su Ense\u00f1anza I<\/td>\n<\/tr>\n<tr>\n<td width=\"76\">2 hs.<\/td>\n<td width=\"76\">2 hs.<\/td>\n<td width=\"151\">3 hs.<\/td>\n<td width=\"76\">2 hs.<\/td>\n<td width=\"76\">2 hs.<\/td>\n<td width=\"76\">2 hs.<\/td>\n<td width=\"76\">2 hs.<\/td>\n<td width=\"76\">2 hs.<\/td>\n<td width=\"76\">2 hs.<\/td>\n<\/tr>\n<tr>\n<td colspan=\"9\" valign=\"top\" width=\"756\"><strong>ESPACIO DE LA PR\u00c1CTICA DOCENTE III<\/strong><\/td>\n<\/tr>\n<\/tbody>\n<\/table>\n<h2><span style=\"font-size: 10pt;\">\u00a04to. A\u00f1o<\/span><\/h2>\n<table border=\"1\" cellspacing=\"0\" cellpadding=\"0\">\n<tbody>\n<tr>\n<td colspan=\"10\" width=\"756\">\n<p style=\"text-align: center;\"><strong>ESPACIO DE LA ORIENTACI\u00d3N<\/strong><\/p>\n<\/td>\n<\/tr>\n<tr>\n<td width=\"76\">Dise\u00f1o y Gesti\u00f3n Microempren-dimientos<\/td>\n<td width=\"76\">Gesti\u00f3n Finan-ciera<\/td>\n<td width=\"76\">Historia del Pensamiento Econ\u00f3mico<\/td>\n<td width=\"76\">Pol\u00edtica Econ\u00f3-mica<\/td>\n<td width=\"76\">Metodo-log\u00eda de la Investi-gaci\u00f3n Econ\u00f3-mica<\/td>\n<td width=\"76\">Finanzas P\u00fablicas y Legislaci\u00f3n Tributaria<\/td>\n<td width=\"76\">Derecho Laboral<\/td>\n<td width=\"76\">Modelos Matem\u00e1ticos y Estad\u00edsticos Aplicados a los Negocios II<\/td>\n<td width=\"76\">Econom\u00eda y Gesti\u00f3n y su Ense\u00f1an-za II<\/td>\n<td width=\"76\">E.D.I.<\/td>\n<\/tr>\n<tr>\n<td width=\"76\">2 hs.<\/td>\n<td width=\"76\">2 hs.<\/td>\n<td width=\"76\">2 hs.<\/td>\n<td width=\"76\">2 hs.<\/td>\n<td width=\"76\">2 hs.<\/td>\n<td width=\"76\">2 hs.<\/td>\n<td width=\"76\">2 hs.<\/td>\n<td width=\"76\">2 hs.<\/td>\n<td width=\"76\">2 hs.<\/td>\n<td width=\"76\">2 hs.<\/td>\n<\/tr>\n<tr>\n<td colspan=\"10\" width=\"756\"><strong>ESPACIO DE LA PR\u00c1CTICA DOCENTE IV<\/strong><\/td>\n<\/tr>\n<\/tbody>\n<\/table>\n","protected":false},"excerpt":{"rendered":"<p>HACE CLIC AQU\u00cd PARA DESCARGAR EL DISE\u00d1O CURRICULAR &nbsp; 1er. A\u00f1o ESPACIO DE LA FUNDAMENTACI\u00d3N PEDAGOGICA ESPACIO DE LA ESPECIA-LIZACI\u00d3N POR NIVELES ESPACIO DE LA ORIENTACI\u00d3N Perspectiva Filos\u00f3fico-Pedag\u00f3gica I Perspectiva Pedag\u00f3gico-Did\u00e1ctica I Perspectiva Socio-Pol\u00edtica Psicolog\u00eda y Cultura en la Educaci\u00f3n Teor\u00eda de las Organi-zaciones Sociolog\u00eda Econom\u00eda Geogra-f\u00eda Econ\u00f3-mica Ciencias Pol\u00edticas y Derecho Constitu-cional Mate-m\u00e1tica I &#8230; <a title=\"Plan de Estudios Econom\u00eda y Gesti\u00f3n\" class=\"read-more\" href=\"https:\/\/isfd102-bue.infd.edu.ar\/sitio\/plan-de-estudios-economia-y-gestion\/\" aria-label=\"More on Plan de Estudios Econom\u00eda y Gesti\u00f3n\">[+]<\/a><\/p>\n","protected":false},"author":361,"featured_media":0,"parent":0,"menu_order":0,"comment_status":"closed","ping_status":"closed","template":"","meta":[],"acf":[],"_links":{"self":[{"href":"https:\/\/isfd102-bue.infd.edu.ar\/sitio\/wp-json\/wp\/v2\/pages\/1147"}],"collection":[{"href":"https:\/\/isfd102-bue.infd.edu.ar\/sitio\/wp-json\/wp\/v2\/pages"}],"about":[{"href":"https:\/\/isfd102-bue.infd.edu.ar\/sitio\/wp-json\/wp\/v2\/types\/page"}],"author":[{"embeddable":true,"href":"https:\/\/isfd102-bue.infd.edu.ar\/sitio\/wp-json\/wp\/v2\/users\/361"}],"replies":[{"embeddable":true,"href":"https:\/\/isfd102-bue.infd.edu.ar\/sitio\/wp-json\/wp\/v2\/comments?post=1147"}],"version-history":[{"count":3,"href":"https:\/\/isfd102-bue.infd.edu.ar\/sitio\/wp-json\/wp\/v2\/pages\/1147\/revisions"}],"predecessor-version":[{"id":1646,"href":"https:\/\/isfd102-bue.infd.edu.ar\/sitio\/wp-json\/wp\/v2\/pages\/1147\/revisions\/1646"}],"wp:attachment":[{"href":"https:\/\/isfd102-bue.infd.edu.ar\/sitio\/wp-json\/wp\/v2\/media?parent=1147"}],"curies":[{"name":"wp","href":"https:\/\/api.w.org\/{rel}","templated":true}]}}