{"id":1137,"date":"2018-08-29T18:02:20","date_gmt":"2018-08-29T21:02:20","guid":{"rendered":"https:\/\/isfd102-bue.infd.edu.ar\/sitio\/plan-de-estudios-inicial\/"},"modified":"2018-12-11T21:05:21","modified_gmt":"2018-12-12T00:05:21","slug":"plan-de-estudios-inicial","status":"publish","type":"page","link":"https:\/\/isfd102-bue.infd.edu.ar\/sitio\/plan-de-estudios-inicial\/","title":{"rendered":"Plan de Estudios Inicial"},"content":{"rendered":"<p style=\"text-align: center;\"><a href=\"https:\/\/isfd102-bue.infd.edu.ar\/sitio\/wp-content\/uploads\/2018\/12\/dise\u00f1o-curricular-profesorado-inicial-y-primaria.pdf\"><strong>HAC\u00c9 CLIC AQU\u00cd PARA DESCARGAR EL DISE\u00d1O CURRICULAR<\/strong><\/a><\/p>\n<p>&nbsp;<\/p>\n<p><strong>Primer a\u00f1o<\/strong><\/p>\n<table border=\"1\" cellspacing=\"0\" cellpadding=\"0\">\n<tbody>\n<tr>\n<td valign=\"top\" width=\"470\">Taller de lectura, escritura y oralidad<\/td>\n<\/tr>\n<tr>\n<td valign=\"top\" width=\"470\">Taller de pensamiento l\u00f3gico matem\u00e1tico<\/td>\n<\/tr>\n<tr>\n<td valign=\"top\" width=\"470\">Taller de definici\u00f3n institucional<\/td>\n<\/tr>\n<tr>\n<td valign=\"top\" width=\"470\">Filosof\u00eda<\/td>\n<\/tr>\n<tr>\n<td valign=\"top\" width=\"470\">Did\u00e1ctica General<\/td>\n<\/tr>\n<tr>\n<td valign=\"top\" width=\"470\">Pedagog\u00eda<\/td>\n<\/tr>\n<tr>\n<td valign=\"top\" width=\"470\">An\u00e1lisis del mundo contempor\u00e1neo<\/td>\n<\/tr>\n<tr>\n<td valign=\"top\" width=\"470\">Psicolog\u00eda del desarrollo y del aprendizaje I<\/td>\n<\/tr>\n<tr>\n<td valign=\"top\" width=\"470\">Educaci\u00f3n temprana<\/td>\n<\/tr>\n<tr>\n<td valign=\"top\" width=\"470\">Corporeidad y Motricidad<\/td>\n<\/tr>\n<tr>\n<td valign=\"top\" width=\"470\">Pr\u00e1ctica en terreno<\/td>\n<\/tr>\n<tr>\n<td valign=\"top\" width=\"470\">Taller integrador interdisciplinario<\/td>\n<\/tr>\n<tr>\n<td valign=\"top\" width=\"470\">Herramientas de la pr\u00e1ctica: Taller de Educaci\u00f3n social y estrategias de educaci\u00f3n popular<\/td>\n<\/tr>\n<\/tbody>\n<\/table>\n<p><strong>Segundo a\u00f1o<\/strong><\/p>\n<table border=\"1\" cellspacing=\"0\" cellpadding=\"0\">\n<tbody>\n<tr>\n<td valign=\"top\" width=\"470\">Teor\u00edas sociopol\u00edticas y educaci\u00f3n<\/td>\n<\/tr>\n<tr>\n<td valign=\"top\" width=\"470\">Did\u00e1ctica y curriculum de Nivel Inicial<\/td>\n<\/tr>\n<tr>\n<td valign=\"top\" width=\"470\">Psicolog\u00eda del desarrollo y del aprendizaje II<\/td>\n<\/tr>\n<tr>\n<td valign=\"top\" width=\"470\">Psicolog\u00eda social e institucional<\/td>\n<\/tr>\n<tr>\n<td valign=\"top\" width=\"470\">Cultura, comunicaci\u00f3n y educaci\u00f3n<\/td>\n<\/tr>\n<tr>\n<td valign=\"top\" width=\"470\">Educaci\u00f3n pl\u00e1stica<\/td>\n<\/tr>\n<tr>\n<td valign=\"top\" width=\"470\">Did\u00e1ctica de Pr\u00e1cticas del Lenguaje\u00a0 y la Literatura<\/td>\n<\/tr>\n<tr>\n<td valign=\"top\" width=\"470\">Did\u00e1ctica de las Ciencias Sociales<\/td>\n<\/tr>\n<tr>\n<td valign=\"top\" width=\"470\">Did\u00e1ctica de las Ciencias Naturales<\/td>\n<\/tr>\n<tr>\n<td valign=\"top\" width=\"470\">Did\u00e1ctica de la Matem\u00e1tica<\/td>\n<\/tr>\n<tr>\n<td valign=\"top\" width=\"470\">Pr\u00e1ctica en terreno<\/td>\n<\/tr>\n<tr>\n<td valign=\"top\" width=\"470\">Taller integrador interdisciplinario<\/td>\n<\/tr>\n<tr>\n<td valign=\"top\" width=\"470\">Herramientas de la pr\u00e1ctica: Aproximaci\u00f3n y an\u00e1lisis cualitativo institucional<\/td>\n<\/tr>\n<\/tbody>\n<\/table>\n<p><strong>Tercer a\u00f1o<\/strong><\/p>\n<table border=\"1\" cellspacing=\"0\" cellpadding=\"0\">\n<tbody>\n<tr>\n<td valign=\"top\" width=\"470\">Historia y prospectiva de la educaci\u00f3n<\/td>\n<\/tr>\n<tr>\n<td valign=\"top\" width=\"470\">Pol\u00edticas, legislaci\u00f3n y administraci\u00f3n del trabajo escolar<\/td>\n<\/tr>\n<tr>\n<td valign=\"top\" width=\"470\">Juego y desarrollo infantil<\/td>\n<\/tr>\n<tr>\n<td valign=\"top\" width=\"470\">Medios audiovisuales, TIC&#8217;s y educaci\u00f3n<\/td>\n<\/tr>\n<tr>\n<td valign=\"top\" width=\"470\">Educaci\u00f3n Musical<\/td>\n<\/tr>\n<tr>\n<td valign=\"top\" width=\"470\">Educaci\u00f3n F\u00edsica escolar<\/td>\n<\/tr>\n<tr>\n<td valign=\"top\" width=\"470\">Taller de Literatura infantil<\/td>\n<\/tr>\n<tr>\n<td valign=\"top\" width=\"470\">Taller de Ciencias Sociales<\/td>\n<\/tr>\n<tr>\n<td valign=\"top\" width=\"470\">Taller de Ciencias Naturales<\/td>\n<\/tr>\n<tr>\n<td valign=\"top\" width=\"470\">Taller de Matem\u00e1tica<\/td>\n<\/tr>\n<tr>\n<td valign=\"top\" width=\"470\">Producci\u00f3n de materiales y objetos l\u00fadicos<\/td>\n<\/tr>\n<tr>\n<td valign=\"top\" width=\"470\">Pr\u00e1ctica en terreno<\/td>\n<\/tr>\n<tr>\n<td valign=\"top\" width=\"470\">Taller integrador interdisciplinario<\/td>\n<\/tr>\n<tr>\n<td valign=\"top\" width=\"470\">Herramientas de la pr\u00e1ctica: Investigaci\u00f3n en y para la acci\u00f3n docente<\/td>\n<\/tr>\n<\/tbody>\n<\/table>\n<p><strong>Cuarto a\u00f1o<\/strong><\/p>\n<table border=\"1\" cellspacing=\"0\" cellpadding=\"0\">\n<tbody>\n<tr>\n<td valign=\"top\" width=\"470\">Reflexi\u00f3n filos\u00f3fica de la educaci\u00f3n<\/td>\n<\/tr>\n<tr>\n<td valign=\"top\" width=\"470\">Dimensi\u00f3n \u00e9tico-pol\u00edtica de la praxis docente<\/td>\n<\/tr>\n<tr>\n<td valign=\"top\" width=\"470\">Educaci\u00f3n en y para la Salud<\/td>\n<\/tr>\n<tr>\n<td valign=\"top\" width=\"470\">Ateneo de Pr\u00e1cticas del Lenguaje y la Literatura<\/td>\n<\/tr>\n<tr>\n<td valign=\"top\" width=\"470\">Ateneo de Matem\u00e1tica<\/td>\n<\/tr>\n<tr>\n<td valign=\"top\" width=\"470\">Ateneo de Naturaleza y Sociedad<\/td>\n<\/tr>\n<tr>\n<td valign=\"top\" width=\"470\">Ateneo de nuevas expresiones est\u00e9ticas<\/td>\n<\/tr>\n<tr>\n<td valign=\"top\" width=\"470\">Pr\u00e1ctica en terreno<\/td>\n<\/tr>\n<tr>\n<td valign=\"top\" width=\"470\">Taller integrador interdisciplinario<\/td>\n<\/tr>\n<tr>\n<td valign=\"top\" width=\"470\">Reflexi\u00f3n filos\u00f3fica de la educaci\u00f3n<\/td>\n<\/tr>\n<\/tbody>\n<\/table>\n<p>&nbsp;<\/p>\n<p><strong>CORRELATIVIDADES<\/strong><\/p>\n<table border=\"1\" cellspacing=\"0\" cellpadding=\"0\">\n<tbody>\n<tr>\n<td colspan=\"2\" valign=\"top\" width=\"461\"><strong>2\u00ba A\u00d1O<\/strong><\/td>\n<\/tr>\n<tr>\n<td valign=\"top\" width=\"243\">Psicolog\u00eda del Desarrollo y el Aprendizaje II<\/td>\n<td valign=\"top\" width=\"217\">Psicolog\u00eda del Desarrollo y el Aprendizaje I<\/td>\n<\/tr>\n<tr>\n<td valign=\"top\" width=\"243\">Psicolog\u00eda Social e Institucional<\/td>\n<td valign=\"top\" width=\"217\">___________<\/td>\n<\/tr>\n<tr>\n<td valign=\"top\" width=\"243\">Cultura, Comunicaci\u00f3n y Educaci\u00f3n<\/td>\n<td valign=\"top\" width=\"217\">____________<\/td>\n<\/tr>\n<tr>\n<td valign=\"top\" width=\"243\">Campo de la Pr\u00e1ctica Docente II<\/td>\n<td valign=\"top\" width=\"217\">Campo de la Pr\u00e1ctica Docente I<\/td>\n<\/tr>\n<tr>\n<td valign=\"top\" width=\"243\">Educaci\u00f3n Pl\u00e1stica<\/td>\n<td valign=\"top\" width=\"217\">____________<\/td>\n<\/tr>\n<tr>\n<td valign=\"top\" width=\"243\">Did\u00e1ctica de Pr\u00e1cticas del Lenguaje y la Literatura<\/td>\n<td valign=\"top\" width=\"217\">T&#8212;&#8212;&#8212;&#8212;&#8212;&#8212;&#8212;&#8211;<\/td>\n<\/tr>\n<tr>\n<td valign=\"top\" width=\"243\">Did\u00e1ctica de las Ciencias Sociales<\/td>\n<td valign=\"top\" width=\"217\">____________<\/td>\n<\/tr>\n<tr>\n<td valign=\"top\" width=\"243\">Did\u00e1ctica de las Ciencias Naturales<\/td>\n<td valign=\"top\" width=\"217\">____________<\/td>\n<\/tr>\n<tr>\n<td valign=\"top\" width=\"243\">Did\u00e1ctica de la Matem\u00e1tica<\/td>\n<td valign=\"top\" width=\"217\">_____________<\/td>\n<\/tr>\n<tr>\n<td valign=\"top\" width=\"243\">Teor\u00edas Sociopol\u00edticas y Educaci\u00f3n<\/td>\n<td valign=\"top\" width=\"217\">_____________<\/td>\n<\/tr>\n<tr>\n<td valign=\"top\" width=\"243\">Did\u00e1ctica y Curriculum del Nivel Inicial<\/td>\n<td valign=\"top\" width=\"217\">Did\u00e1ctica General<\/td>\n<\/tr>\n<tr>\n<td colspan=\"2\" valign=\"top\" width=\"461\"><strong>\u00a0<\/strong><\/p>\n<p><strong>\u00a0<\/strong><\/p>\n<p><strong>3er A\u00d1O<\/strong><\/td>\n<\/tr>\n<tr>\n<td valign=\"top\" width=\"243\">Juegos y Desarrollo Infantil<\/td>\n<td valign=\"top\" width=\"217\">Psicolog\u00eda del Desarrollo y el Aprendizaje II<\/td>\n<\/tr>\n<tr>\n<td valign=\"top\" width=\"243\">Medios audiovisuales, TICs y Educaci\u00f3n<\/td>\n<td valign=\"top\" width=\"217\">__________<\/td>\n<\/tr>\n<tr>\n<td valign=\"top\" width=\"243\">Educaci\u00f3n Musical<\/td>\n<td valign=\"top\" width=\"217\">____________<\/td>\n<\/tr>\n<tr>\n<td valign=\"top\" width=\"243\">Educaci\u00f3n F\u00edsica Escolar<\/td>\n<td valign=\"top\" width=\"217\">____________<\/td>\n<\/tr>\n<tr>\n<td valign=\"top\" width=\"243\">Taller de Ciencias Sociales<\/td>\n<td valign=\"top\" width=\"217\">Did\u00e1ctica de las Ciencias Sociales<\/td>\n<\/tr>\n<tr>\n<td valign=\"top\" width=\"243\">Taller de Ciencias Naturales<\/td>\n<td valign=\"top\" width=\"217\">Did\u00e1ctica de las Ciencias Naturales<\/td>\n<\/tr>\n<tr>\n<td valign=\"top\" width=\"243\">Taller de Literatura Infantil<\/td>\n<td valign=\"top\" width=\"217\">Did\u00e1ctica de Pr\u00e1cticas del Lenguaje y la Literatura<\/td>\n<\/tr>\n<tr>\n<td valign=\"top\" width=\"243\">Taller de Matem\u00e1tica<\/td>\n<td valign=\"top\" width=\"217\">Did\u00e1ctica de la Matem\u00e1tica<\/td>\n<\/tr>\n<tr>\n<td valign=\"top\" width=\"243\">Producci\u00f3n de Materiales y Objetos l\u00fadicos<\/td>\n<td valign=\"top\" width=\"217\">__________<\/td>\n<\/tr>\n<tr>\n<td valign=\"top\" width=\"243\">Historia y Prospectiva de la Educaci\u00f3n<\/td>\n<td valign=\"top\" width=\"217\">__________<\/td>\n<\/tr>\n<tr>\n<td valign=\"top\" width=\"243\">Pol\u00edticas, Legislaci\u00f3n y Administraci\u00f3n del Trabajo Escolar<\/td>\n<td valign=\"top\" width=\"217\">__________<\/td>\n<\/tr>\n<tr>\n<td valign=\"top\" width=\"243\">Campo de la Pr\u00e1ctica Docente III<\/td>\n<td valign=\"top\" width=\"217\">Campo de la Pr\u00e1ctica Docente II<\/p>\n<p>Did\u00e1ctica de las pr\u00e1cticas del Lenguaje y la Literatura<\/p>\n<p>Did\u00e1ctica de las Ciencias Sociales<\/p>\n<p>Did\u00e1ctica de las Ciencias Naturales<\/p>\n<p>Did\u00e1ctica de la Matem\u00e1tica<\/p>\n<p>Did\u00e1ctica y Curriculum del Nivel Inicial<\/td>\n<\/tr>\n<tr>\n<td colspan=\"2\" valign=\"top\" width=\"461\">&nbsp;<\/p>\n<p><strong>\u00a0<\/strong><\/p>\n<p><strong>4\u00ba A\u00d1O<\/strong><\/td>\n<\/tr>\n<tr>\n<td valign=\"top\" width=\"243\">Educaci\u00f3n en y para la salud<\/td>\n<td valign=\"top\" width=\"217\">___________<\/td>\n<\/tr>\n<tr>\n<td valign=\"top\" width=\"243\">Ateneo de Pr\u00e1cticas del Lenguaje y la Literatura<\/td>\n<td valign=\"top\" width=\"217\">Taller de Literatura Infantil<\/td>\n<\/tr>\n<tr>\n<td valign=\"top\" width=\"243\">Ateneo de Matem\u00e1tica<\/td>\n<td valign=\"top\" width=\"217\">Taller de la Matem\u00e1tica<\/p>\n<p>&nbsp;<\/td>\n<\/tr>\n<tr>\n<td valign=\"top\" width=\"243\">Ateneo de Naturaleza y Sociedad<\/td>\n<td valign=\"top\" width=\"217\">Taller de Ciencias Naturales<\/p>\n<p>Taller de Ciencias Sociales<\/td>\n<\/tr>\n<tr>\n<td valign=\"top\" width=\"243\">Ateneo de Nuevas Expresiones est\u00e9ticas<\/td>\n<td valign=\"top\" width=\"217\">____________<\/td>\n<\/tr>\n<tr>\n<td valign=\"top\" width=\"243\">Reflexi\u00f3n filos\u00f3fica de la Educaci\u00f3n<\/td>\n<td valign=\"top\" width=\"217\">Filosof\u00eda<\/p>\n<p>Pedagog\u00eda<\/td>\n<\/tr>\n<tr>\n<td valign=\"top\" width=\"243\">Dimensi\u00f3n \u00e9tico pol\u00edtica de la praxis docente<\/td>\n<td valign=\"top\" width=\"217\">Teor\u00edas Sociopol\u00edticas y educaci\u00f3n<\/td>\n<\/tr>\n<tr>\n<td valign=\"top\" width=\"243\">Campo de la Pr\u00e1ctica IV<\/td>\n<td valign=\"top\" width=\"217\">Campo de la Pr\u00e1ctica Docente III<\/p>\n<p>Taller de Ciencias Sociales<\/p>\n<p>Taller de Ciencias Naturales<\/p>\n<p>Taller de Literatura Infantil<\/p>\n<p>Taller de Matem\u00e1tica<\/td>\n<\/tr>\n<\/tbody>\n<\/table>\n<p>&nbsp;<\/p>\n<p>OBSERVACIONES: El Campo de Actualizaci\u00f3n Formativa ser\u00e1 acreditado por Promoci\u00f3n sin examen final.<\/p>\n<p>Para cursar 3er A\u00f1o, el alumno deber\u00e1 tener aprobadas las materias de 1er A\u00f1o.<\/p>\n<p>Para cursar 4\u00ba A\u00f1o deber\u00e1 tener aprobado 1\u00ba y 2\u00ba A\u00f1o<\/p>\n<p>&nbsp;<\/p>\n<p>&nbsp;<\/p>\n<p>&nbsp;<\/p>\n<p><strong>\u00a0<\/strong><\/p>\n<p>&nbsp;<\/p>\n<p>&nbsp;<\/p>\n<p><strong>\u00a0<\/strong><\/p>\n","protected":false},"excerpt":{"rendered":"<p>HAC\u00c9 CLIC AQU\u00cd PARA DESCARGAR EL DISE\u00d1O CURRICULAR &nbsp; Primer a\u00f1o Taller de lectura, escritura y oralidad Taller de pensamiento l\u00f3gico matem\u00e1tico Taller de definici\u00f3n institucional Filosof\u00eda Did\u00e1ctica General Pedagog\u00eda An\u00e1lisis del mundo contempor\u00e1neo Psicolog\u00eda del desarrollo y del aprendizaje I Educaci\u00f3n temprana Corporeidad y Motricidad Pr\u00e1ctica en terreno Taller integrador interdisciplinario Herramientas de la &#8230; <a title=\"Plan de Estudios Inicial\" class=\"read-more\" href=\"https:\/\/isfd102-bue.infd.edu.ar\/sitio\/plan-de-estudios-inicial\/\" aria-label=\"More on Plan de Estudios Inicial\">[+]<\/a><\/p>\n","protected":false},"author":361,"featured_media":0,"parent":0,"menu_order":0,"comment_status":"closed","ping_status":"closed","template":"","meta":[],"acf":[],"_links":{"self":[{"href":"https:\/\/isfd102-bue.infd.edu.ar\/sitio\/wp-json\/wp\/v2\/pages\/1137"}],"collection":[{"href":"https:\/\/isfd102-bue.infd.edu.ar\/sitio\/wp-json\/wp\/v2\/pages"}],"about":[{"href":"https:\/\/isfd102-bue.infd.edu.ar\/sitio\/wp-json\/wp\/v2\/types\/page"}],"author":[{"embeddable":true,"href":"https:\/\/isfd102-bue.infd.edu.ar\/sitio\/wp-json\/wp\/v2\/users\/361"}],"replies":[{"embeddable":true,"href":"https:\/\/isfd102-bue.infd.edu.ar\/sitio\/wp-json\/wp\/v2\/comments?post=1137"}],"version-history":[{"count":2,"href":"https:\/\/isfd102-bue.infd.edu.ar\/sitio\/wp-json\/wp\/v2\/pages\/1137\/revisions"}],"predecessor-version":[{"id":1649,"href":"https:\/\/isfd102-bue.infd.edu.ar\/sitio\/wp-json\/wp\/v2\/pages\/1137\/revisions\/1649"}],"wp:attachment":[{"href":"https:\/\/isfd102-bue.infd.edu.ar\/sitio\/wp-json\/wp\/v2\/media?parent=1137"}],"curies":[{"name":"wp","href":"https:\/\/api.w.org\/{rel}","templated":true}]}}