{"id":1130,"date":"2018-08-29T18:02:17","date_gmt":"2018-08-29T21:02:17","guid":{"rendered":"https:\/\/isfd102-bue.infd.edu.ar\/sitio\/ubicacion-2\/"},"modified":"2023-12-17T13:19:12","modified_gmt":"2023-12-17T16:19:12","slug":"ubicacion-2","status":"publish","type":"page","link":"https:\/\/isfd102-bue.infd.edu.ar\/sitio\/ubicacion-2\/","title":{"rendered":"Ubicaci\u00f3n"},"content":{"rendered":"<h4>Manuel Castro 990 entre Las Heras y Monteagudo.<\/h4>\n<h5>A 1 cuadra de la Avenida Hip\u00f3lito Yrigoyen.<\/h5>\n<h5>A 7 cuadras de la Estaci\u00f3n de Banfield y 13 de la Estaci\u00f3n de Lomas de Zamora.<\/h5>\n<p><img decoding=\"async\" loading=\"lazy\" class=\"alignnone wp-image-3324 size-full\" src=\"https:\/\/isfd102-bue.infd.edu.ar\/sitio\/wp-content\/uploads\/2023\/12\/Ubicacion-102-copia.png\" alt=\"\" width=\"1851\" height=\"830\" srcset=\"https:\/\/isfd102-bue.infd.edu.ar\/sitio\/wp-content\/uploads\/2023\/12\/Ubicacion-102-copia.png 1851w, https:\/\/isfd102-bue.infd.edu.ar\/sitio\/wp-content\/uploads\/2023\/12\/Ubicacion-102-copia-1000x448.png 1000w, https:\/\/isfd102-bue.infd.edu.ar\/sitio\/wp-content\/uploads\/2023\/12\/Ubicacion-102-copia-768x344.png 768w, https:\/\/isfd102-bue.infd.edu.ar\/sitio\/wp-content\/uploads\/2023\/12\/Ubicacion-102-copia-1536x689.png 1536w\" sizes=\"(max-width: 1851px) 100vw, 1851px\" \/><\/p>\n<p>L\u00edneas de colectivos que te dejan muy cerca:<\/p>\n<ul class=\"i8Z77e\">\n<li class=\"TrT0Xe\">552 A &#8211; hasta Las Heras y Manuel Castro.<\/li>\n<li class=\"TrT0Xe\">552 B &#8211; hasta Las Heras y Manuel Castro.<\/li>\n<li class=\"TrT0Xe\">318 B &#8211; Claypole &#8211; Pte. La Noria (x Burzaco)<\/li>\n<li class=\"TrT0Xe\">51 &#8211;\u00a0 A, C y D (x Ruta 205) hasta Hip\u00f3lito Yrigoyen y Las Heras.<\/li>\n<li class=\"TrT0Xe\">164 &#8211; Pompeya &#8211; Burzaco (x Garibaldi) hasta Hip\u00f3lito Yrigoyen y Las Heras.<\/li>\n<li class=\"TrT0Xe\">164 &#8211; Plaza Once &#8211; Monte Grande (x Boulevard Bs. As.) hasta Hip\u00f3lito Yrigoyen y Las Heras.<\/li>\n<li class=\"TrT0Xe\">164 &#8211; Pompeya &#8211; Monte Grande (x Oliden) hasta Hip\u00f3lito Yrigoyen y Las Heras.<\/li>\n<\/ul>\n","protected":false},"excerpt":{"rendered":"<p>Manuel Castro 990 entre Las Heras y Monteagudo. A 1 cuadra de la Avenida Hip\u00f3lito Yrigoyen. A 7 cuadras de la Estaci\u00f3n de Banfield y 13 de la Estaci\u00f3n de Lomas de Zamora. L\u00edneas de colectivos que te dejan muy cerca: 552 A &#8211; hasta Las Heras y Manuel Castro. 552 B &#8211; hasta Las &#8230; <a title=\"Ubicaci\u00f3n\" class=\"read-more\" href=\"https:\/\/isfd102-bue.infd.edu.ar\/sitio\/ubicacion-2\/\" aria-label=\"More on Ubicaci\u00f3n\">[+]<\/a><\/p>\n","protected":false},"author":361,"featured_media":0,"parent":0,"menu_order":0,"comment_status":"closed","ping_status":"closed","template":"","meta":[],"acf":[],"_links":{"self":[{"href":"https:\/\/isfd102-bue.infd.edu.ar\/sitio\/wp-json\/wp\/v2\/pages\/1130"}],"collection":[{"href":"https:\/\/isfd102-bue.infd.edu.ar\/sitio\/wp-json\/wp\/v2\/pages"}],"about":[{"href":"https:\/\/isfd102-bue.infd.edu.ar\/sitio\/wp-json\/wp\/v2\/types\/page"}],"author":[{"embeddable":true,"href":"https:\/\/isfd102-bue.infd.edu.ar\/sitio\/wp-json\/wp\/v2\/users\/361"}],"replies":[{"embeddable":true,"href":"https:\/\/isfd102-bue.infd.edu.ar\/sitio\/wp-json\/wp\/v2\/comments?post=1130"}],"version-history":[{"count":13,"href":"https:\/\/isfd102-bue.infd.edu.ar\/sitio\/wp-json\/wp\/v2\/pages\/1130\/revisions"}],"predecessor-version":[{"id":3330,"href":"https:\/\/isfd102-bue.infd.edu.ar\/sitio\/wp-json\/wp\/v2\/pages\/1130\/revisions\/3330"}],"wp:attachment":[{"href":"https:\/\/isfd102-bue.infd.edu.ar\/sitio\/wp-json\/wp\/v2\/media?parent=1130"}],"curies":[{"name":"wp","href":"https:\/\/api.w.org\/{rel}","templated":true}]}}