{"id":1121,"date":"2018-08-29T18:02:14","date_gmt":"2018-08-29T21:02:14","guid":{"rendered":"https:\/\/isfd102-bue.infd.edu.ar\/sitio\/plan-de-estudios-biologia\/"},"modified":"2018-12-11T21:09:35","modified_gmt":"2018-12-12T00:09:35","slug":"plan-de-estudios-biologia","status":"publish","type":"page","link":"https:\/\/isfd102-bue.infd.edu.ar\/sitio\/plan-de-estudios-biologia\/","title":{"rendered":"Plan de estudios Biolog\u00eda"},"content":{"rendered":"<p style=\"text-align: center;\"><a href=\"https:\/\/isfd102-bue.infd.edu.ar\/sitio\/wp-content\/uploads\/2018\/12\/Dise\u00f1o-curricular-Profesorado-en-Biolog\u00eda-13259-99.pdf\"><strong>HAC\u00c9 CLIC AQU\u00cd PARA DESCARGAR EL DISE\u00d1O CURRICULAR<\/strong><\/a><\/p>\n<p>&nbsp;<\/p>\n<p style=\"text-align: justify;\"><strong>ACLARACI\u00d3N: 1ro y 2do a\u00f1o de esta carrera son iguales a los del profesorado de F\u00edsica y el profesorado de Qu\u00edmica, es decir que tienen un ciclo com\u00fan de dos a\u00f1os.<\/strong><\/p>\n<p>&nbsp;<\/p>\n<p><strong>\u00a0<\/strong><strong>1er. A\u00d1O<\/strong><\/p>\n<table border=\"1\" cellspacing=\"0\" cellpadding=\"0\">\n<tbody>\n<tr>\n<td style=\"text-align: center;\" colspan=\"3\" width=\"222\"><strong>ESPACIO DE LA FUNDAMENTACI\u00d3N PEDAGOGICA<\/strong><\/td>\n<td style=\"text-align: center;\" width=\"80\"><strong>ESPACIO DE LA ESPECIALIZA-CI\u00d3N POR NIVELES<\/strong><\/td>\n<td style=\"text-align: center;\" colspan=\"5\" width=\"537\"><strong>ESPACIO DE LA ORIENTACI\u00d3N<\/strong><\/td>\n<\/tr>\n<tr>\n<td width=\"76\">Perspectiva Filos\u00f3fico-Pedag\u00f3gica I<\/td>\n<td width=\"76\">Perspectiva Pedag\u00f3gico-Did\u00e1ctica I<\/td>\n<td width=\"71\">Perspectiva Socio-Pol\u00edtica<\/td>\n<td width=\"80\">Psicolog\u00eda y Cultura en la Educaci\u00f3n<\/td>\n<td width=\"132\">F\u00edsica y Elementos de Astronom\u00eda, y Laboratorio I<\/td>\n<td width=\"132\">Qu\u00edmica y Labora-torio I<\/td>\n<td width=\"132\">Biolog\u00eda y Labora-torio I<\/td>\n<td width=\"76\">Matem\u00e1-tica Instru-mental I<\/td>\n<td width=\"64\">Integra-ci\u00f3n Areal I<\/td>\n<\/tr>\n<tr>\n<td width=\"76\">2<\/td>\n<td width=\"76\">2<\/td>\n<td width=\"71\">2<\/td>\n<td width=\"80\">2<\/td>\n<td width=\"132\">3<\/td>\n<td width=\"132\">3<\/td>\n<td width=\"132\">3<\/td>\n<td width=\"76\">2<\/td>\n<td width=\"64\">1<\/td>\n<\/tr>\n<tr>\n<td colspan=\"9\" width=\"839\"><strong>ESPACIO DE LA PR\u00c1CTICA DOCENTE I <\/strong><strong>4.30 hs. reloj semanales<\/strong><\/p>\n<p><strong>\u00a0<\/strong><\/td>\n<\/tr>\n<\/tbody>\n<\/table>\n<p><strong>2do. A\u00d1O<\/strong><\/p>\n<table border=\"1\" cellspacing=\"0\" cellpadding=\"0\">\n<tbody>\n<tr>\n<td style=\"text-align: center;\" colspan=\"2\" width=\"151\"><strong>ESPACIO DE LA FUNDAMENTACI\u00d3N PEDAG\u00d3GICA<\/strong><\/td>\n<td style=\"text-align: center;\" width=\"76\"><strong>ESPACIO DE LA ESPECIA-LIZACI\u00d3N POR NIVELES<\/strong><\/td>\n<td colspan=\"6\" width=\"548\">\n<p style=\"text-align: center;\"><strong>ESPACIO DE LA ORIENTACI\u00d3N<\/strong><\/p>\n<\/td>\n<\/tr>\n<tr>\n<td width=\"76\">Perspectiva Filos\u00f3fico-Pedag\u00f3gica II<\/td>\n<td width=\"76\">Perspectiva Pedag\u00f3gico<\/p>\n<p>Did\u00e1ctica II<\/p>\n<p>(Did\u00e1ctica Especial)<\/td>\n<td width=\"76\">Psicolog\u00eda y Cultura del Alumno de EGB 3 y Polimodal<\/td>\n<td width=\"113\">F\u00edsica y Elementos de Astronom\u00eda, y Laboratorio II<\/td>\n<td width=\"113\">Qu\u00edmica y Labora-torio II<\/td>\n<td width=\"113\">Biolog\u00eda y Labora-torio II<\/td>\n<td width=\"57\">Ciencias de la Tierra<\/td>\n<td width=\"76\">Matem\u00e1tica Instrumental II e Inform\u00e1tica Aplicada<\/td>\n<td width=\"76\">Integra-ci\u00f3n Areal II<\/td>\n<\/tr>\n<tr>\n<td width=\"76\">2<\/td>\n<td width=\"76\">2<\/td>\n<td width=\"76\">2<\/td>\n<td width=\"113\">3<\/td>\n<td width=\"113\">3<\/td>\n<td width=\"113\">3<\/td>\n<td width=\"57\">1<\/td>\n<td width=\"76\">2<\/td>\n<td width=\"76\">2<\/td>\n<\/tr>\n<tr>\n<td colspan=\"9\" width=\"775\"><strong>ESPACIO DE LA PR\u00c1CTICA DOCENTE II<\/strong><\/p>\n<p><strong>5 hs. Reloj semanales*<\/strong><\/p>\n<p><strong>\u00a0<\/strong><\/td>\n<\/tr>\n<\/tbody>\n<\/table>\n<p><strong>3er. A\u00d1O<\/strong><\/p>\n<table border=\"1\" cellspacing=\"0\" cellpadding=\"0\">\n<tbody>\n<tr>\n<td style=\"text-align: center;\" colspan=\"2\" width=\"151\"><strong>ESPACIO DE LA FUNDAMENTACI\u00d3N PEDAG\u00d3GICA<\/strong><\/td>\n<td style=\"text-align: center;\" colspan=\"8\" width=\"662\"><strong>ESPACIO DE LA ORIENTACI\u00d3N<\/strong><\/td>\n<\/tr>\n<tr>\n<td colspan=\"2\" width=\"151\"><\/td>\n<td colspan=\"5\" width=\"435\">Disciplinas de Especializaci\u00f3n<\/td>\n<td colspan=\"3\" width=\"227\">Disciplinas Complementarias<\/td>\n<\/tr>\n<tr>\n<td width=\"76\">Perspectiva Filos\u00f3fico-Pedag\u00f3gico-Did\u00e1ctica<\/td>\n<td width=\"76\">Perspectiva Pol\u00edtico-Institucional<\/td>\n<td width=\"76\">Biolog\u00eda Celular y Molecular<\/td>\n<td width=\"113\">Biolog\u00eda de los Organismos Celulares y Plantas<\/td>\n<td width=\"113\">Biolog\u00eda de los Animales<\/td>\n<td width=\"76\">Biolog\u00eda Humana<\/td>\n<td width=\"57\">Ciencias Naturales y su Ense\u00f1anza<\/td>\n<td width=\"76\">F\u00edsica Biol\u00f3gica y Laboratorio<\/td>\n<td width=\"76\">Qu\u00edmica y Biolog\u00eda y Laboratorio<\/td>\n<td width=\"76\">E. D. I.<\/td>\n<\/tr>\n<tr>\n<td width=\"76\">2<\/td>\n<td width=\"76\">2<\/td>\n<td width=\"76\">2<\/td>\n<td width=\"113\">3<\/td>\n<td width=\"113\">2<\/td>\n<td width=\"76\">3<\/td>\n<td width=\"57\">1<\/td>\n<td width=\"76\">2<\/td>\n<td width=\"76\">2<\/td>\n<td width=\"76\">2<\/td>\n<\/tr>\n<tr>\n<td colspan=\"10\" width=\"813\"><strong>ESPACIO DE LA PR\u00c1CTICA DOCENTE III \u00a0\u00a0\u00a0102 hs. reloj anuales <\/strong><\/td>\n<\/tr>\n<\/tbody>\n<\/table>\n<p><strong>4to. A\u00d1O<\/strong><\/p>\n<table border=\"1\" cellspacing=\"0\" cellpadding=\"0\">\n<tbody>\n<tr>\n<td colspan=\"9\" width=\"836\">\n<p style=\"text-align: center;\"><strong>ESPACIO DE LA ORIENTACI\u00d3N<\/strong><\/p>\n<\/td>\n<\/tr>\n<tr>\n<td colspan=\"6\" width=\"600\">Disciplinas de Especializaci\u00f3n<\/td>\n<td colspan=\"2\" width=\"151\">Disciplinas Complementarias<\/td>\n<td rowspan=\"2\" width=\"85\">E.D.I.<\/td>\n<\/tr>\n<tr>\n<td width=\"104\">Biolog\u00eda del Desarrollo Animal<\/td>\n<td width=\"144\">Ecolog\u00eda<\/td>\n<td width=\"97\">Evoluci\u00f3n<\/td>\n<td width=\"85\">Gen\u00e9tica Molecular<\/td>\n<td width=\"85\">Anatom\u00eda Comparada<\/td>\n<td width=\"85\">Biolog\u00eda y su Ense\u00f1anza<\/td>\n<td width=\"66\">Antropolog\u00eda<\/td>\n<td width=\"85\">Metodolog\u00eda de la investigaci\u00f3n<\/td>\n<\/tr>\n<tr>\n<td width=\"104\">2<\/td>\n<td width=\"144\">3<\/td>\n<td width=\"97\">4<\/td>\n<td width=\"85\">3<\/td>\n<td width=\"85\">2<\/td>\n<td width=\"85\">2<\/td>\n<td width=\"66\">1<\/td>\n<td width=\"85\">2<\/td>\n<td width=\"85\">2<\/td>\n<\/tr>\n<tr>\n<td colspan=\"9\" width=\"836\"><strong>ESPACIO DE LA PR\u00c1CTICA DOCENTE IV<\/strong><\/td>\n<\/tr>\n<\/tbody>\n<\/table>\n","protected":false},"excerpt":{"rendered":"<p>HAC\u00c9 CLIC AQU\u00cd PARA DESCARGAR EL DISE\u00d1O CURRICULAR &nbsp; ACLARACI\u00d3N: 1ro y 2do a\u00f1o de esta carrera son iguales a los del profesorado de F\u00edsica y el profesorado de Qu\u00edmica, es decir que tienen un ciclo com\u00fan de dos a\u00f1os. &nbsp; \u00a01er. A\u00d1O ESPACIO DE LA FUNDAMENTACI\u00d3N PEDAGOGICA ESPACIO DE LA ESPECIALIZA-CI\u00d3N POR NIVELES ESPACIO &#8230; <a title=\"Plan de estudios Biolog\u00eda\" class=\"read-more\" href=\"https:\/\/isfd102-bue.infd.edu.ar\/sitio\/plan-de-estudios-biologia\/\" aria-label=\"More on Plan de estudios Biolog\u00eda\">[+]<\/a><\/p>\n","protected":false},"author":361,"featured_media":0,"parent":0,"menu_order":0,"comment_status":"closed","ping_status":"closed","template":"","meta":[],"acf":[],"_links":{"self":[{"href":"https:\/\/isfd102-bue.infd.edu.ar\/sitio\/wp-json\/wp\/v2\/pages\/1121"}],"collection":[{"href":"https:\/\/isfd102-bue.infd.edu.ar\/sitio\/wp-json\/wp\/v2\/pages"}],"about":[{"href":"https:\/\/isfd102-bue.infd.edu.ar\/sitio\/wp-json\/wp\/v2\/types\/page"}],"author":[{"embeddable":true,"href":"https:\/\/isfd102-bue.infd.edu.ar\/sitio\/wp-json\/wp\/v2\/users\/361"}],"replies":[{"embeddable":true,"href":"https:\/\/isfd102-bue.infd.edu.ar\/sitio\/wp-json\/wp\/v2\/comments?post=1121"}],"version-history":[{"count":4,"href":"https:\/\/isfd102-bue.infd.edu.ar\/sitio\/wp-json\/wp\/v2\/pages\/1121\/revisions"}],"predecessor-version":[{"id":1657,"href":"https:\/\/isfd102-bue.infd.edu.ar\/sitio\/wp-json\/wp\/v2\/pages\/1121\/revisions\/1657"}],"wp:attachment":[{"href":"https:\/\/isfd102-bue.infd.edu.ar\/sitio\/wp-json\/wp\/v2\/media?parent=1121"}],"curies":[{"name":"wp","href":"https:\/\/api.w.org\/{rel}","templated":true}]}}