{"id":1119,"date":"2018-08-29T18:02:13","date_gmt":"2018-08-29T21:02:13","guid":{"rendered":"https:\/\/isfd102-bue.infd.edu.ar\/sitio\/plan-de-estudios-lengua-y-literatura\/"},"modified":"2020-04-07T17:09:55","modified_gmt":"2020-04-07T20:09:55","slug":"plan-de-estudios-lengua-y-literatura","status":"publish","type":"page","link":"https:\/\/isfd102-bue.infd.edu.ar\/sitio\/plan-de-estudios-lengua-y-literatura\/","title":{"rendered":"Plan de estudios Lengua y Literatura"},"content":{"rendered":"<h5><\/h5>\n<p style=\"text-align: justify;\"><strong>En 2018 comenz\u00f3 a ponerse en pr\u00e1ctica un nuevo dise\u00f1o curricular en primer a\u00f1o.<\/strong><\/p>\n<p style=\"text-align: center;\"><strong><a title=\"Dise\u00f1oLengua2018\" href=\"upload\/if_2017_05137312_gdeba_cgcyedgcye.pdf\" target=\"_blank\" rel=\"noopener\">Clic aqu\u00ed para ver el dise\u00f1o nuevo<\/a><\/strong><\/p>\n<p>&nbsp;<\/p>\n<p><strong>Los alumnos de a\u00f1os avanzados siguen estudiando con el dise\u00f1o anterior:<\/strong><\/p>\n<h5>PRIMER A\u00d1O<\/h5>\n<p><strong>\u00a0<\/strong><\/p>\n<table style=\"width: 656px;\" border=\"1\" cellspacing=\"0\" cellpadding=\"0\">\n<tbody>\n<tr>\n<td style=\"text-align: center; width: 248px;\" colspan=\"3\">\n<h1><span style=\"font-size: 8pt;\">ESPACIO DE LA FUNDAMENTACI\u00d3N PEDAG\u00d3GICA<\/span><\/h1>\n<\/td>\n<td style=\"text-align: center; width: 76px;\"><strong>ESPACIO DE\u00a0<\/strong><strong>LA ESPECIALIZACI\u00d3N POR NIVELES<\/strong><\/td>\n<td style=\"width: 336px;\" colspan=\"5\">\n<p style=\"text-align: center;\"><strong>ESPACIO DE LA ORIENTACI\u00d3N<\/strong><\/p>\n<\/td>\n<\/tr>\n<tr>\n<td style=\"width: 104px;\">Perspectiva<\/p>\n<p>Filos\u00f3fico-Pedag\u00f3gica I<\/td>\n<td style=\"width: 75px;\">Perspectiva Pedag\u00f3gico-Did\u00e1ctica I<\/td>\n<td style=\"width: 69px;\">Perspectiva Socio-Pol\u00edtica<\/td>\n<td style=\"width: 76px;\">Psicolog\u00eda y Cultura en la Educaci\u00f3n<\/td>\n<td style=\"width: 75px;\">Teor\u00eda Literaria I<\/td>\n<td style=\"width: 65px;\">Historia Social y Cultural de la Literatura I<\/td>\n<td style=\"width: 87px;\">Ling\u00fc\u00edstica, Gram\u00e1tica Textual e Introducci\u00f3n a la Psicoling\u00fc\u00edstica y Socioling\u00fc\u00edstica<\/td>\n<td style=\"width: 60px;\">Lengua y Literatura, y su Ense\u00f1anza I<\/td>\n<td style=\"width: 49px;\">Taller de Lectura, Escritura y Pr\u00e1ctica de la Lengua Oral<\/td>\n<\/tr>\n<tr>\n<td style=\"width: 104px;\"><strong>2<\/strong><\/td>\n<td style=\"width: 75px;\"><strong>2<\/strong><\/td>\n<td style=\"width: 69px;\"><strong>2<\/strong><\/td>\n<td style=\"width: 76px;\"><strong>2<\/strong><\/td>\n<td style=\"width: 75px;\"><strong>2<\/strong><\/td>\n<td style=\"width: 65px;\"><strong>3<\/strong><\/td>\n<td style=\"width: 87px;\"><strong>4<\/strong><\/td>\n<td style=\"width: 60px;\"><strong>1<\/strong><\/td>\n<td style=\"width: 49px;\"><strong>2<\/strong><\/td>\n<\/tr>\n<tr>\n<td style=\"width: 660px;\" colspan=\"9\" valign=\"top\">\n<h2><span style=\"font-size: 8pt;\">ESPACIO DE LA PR\u00c1CTICA DOCENTE I<\/span><\/h2>\n<p><strong>4.30 hs. reloj semanales\u00a0 <\/strong><\/td>\n<\/tr>\n<\/tbody>\n<\/table>\n<p><strong>\u00a0<\/strong><\/p>\n<p><strong>\u00a0<\/strong><\/p>\n<p><strong>SEGUNDO A\u00d1O<br \/>\n<\/strong><\/p>\n<table border=\"1\" cellspacing=\"0\" cellpadding=\"0\">\n<tbody>\n<tr>\n<td colspan=\"2\" width=\"151\">\n<p style=\"text-align: center;\"><strong>ESPACIO DE LA FUNDAMENTACI\u00d3N PEDAG\u00d3GICA<\/strong><\/p>\n<\/td>\n<td style=\"text-align: center;\" width=\"74\"><strong>ESPACIO DE LA ESPECIALIZACI\u00d3N POR NIVELES<\/strong><\/td>\n<td colspan=\"7\" width=\"644\">\n<p style=\"text-align: center;\"><strong>ESPACIO DE LA ORIENTACI\u00d3N<\/strong><\/p>\n<\/td>\n<\/tr>\n<tr>\n<td width=\"76\">Perspectiva Filos\u00f3fico-Pedag\u00f3gica II<\/td>\n<td width=\"76\">Perspectiva Pedag\u00f3gico-Did\u00e1ctica II<\/p>\n<p>(Did\u00e1ctica Especial)<\/td>\n<td width=\"75\">Psicolog\u00eda y Cultura del Alumno de EGB 3 y Polimodal<\/td>\n<td width=\"77\">Teor\u00eda Literaria II<\/td>\n<td width=\"151\">Historia Social y Cultural de la Literatura II<\/td>\n<td width=\"76\">Semi\u00f3tica I<\/td>\n<td width=\"151\">Ling\u00fc\u00edstica y Gram\u00e1tica II<\/td>\n<td width=\"76\">Lenguas Cl\u00e1sicas I<\/td>\n<td width=\"57\">Lengua y Literatura y su Ense\u00f1anza II<\/td>\n<td width=\"57\">E.D.I.<\/td>\n<\/tr>\n<tr>\n<td width=\"76\"><strong>2<\/strong><\/td>\n<td width=\"76\"><strong>2<\/strong><\/td>\n<td width=\"75\"><strong>2<\/strong><\/td>\n<td width=\"77\"><strong>2<\/strong><\/td>\n<td width=\"151\"><strong>3<\/strong><\/td>\n<td width=\"76\"><strong>2<\/strong><\/td>\n<td width=\"151\"><strong>3<\/strong><\/td>\n<td width=\"76\"><strong>\u00a0<\/strong><\/td>\n<td width=\"57\"><strong>\u00a0<\/strong><\/td>\n<td width=\"57\"><strong>1<\/strong><\/td>\n<\/tr>\n<tr>\n<td colspan=\"10\" valign=\"top\" width=\"869\">\n<h2><span style=\"font-size: 8pt;\">ESPACIO DE LA PR\u00c1CTICA DOCENTE II<\/span><\/h2>\n<p><strong>5 hs. reloj semanales<br \/>\n<\/strong><\/td>\n<\/tr>\n<\/tbody>\n<\/table>\n<p>TERCER A\u00d1O<strong><br \/>\n<\/strong><\/p>\n<table border=\"1\" cellspacing=\"0\" cellpadding=\"0\">\n<tbody>\n<tr>\n<td colspan=\"2\" width=\"151\">\n<p style=\"text-align: center;\"><strong>ESPACIO DE LA FUNDAMENTACI\u00d3N PEDAG\u00d3GICA<\/strong><\/p>\n<\/td>\n<td colspan=\"7\" width=\"740\">\n<p style=\"text-align: center;\"><strong>ESPACIO DE LA ORIENTACI\u00d3N<\/strong><\/p>\n<\/td>\n<\/tr>\n<tr>\n<td width=\"76\">Perspectiva Filos\u00f3fico-Pedag\u00f3gico-Did\u00e1ctica<\/td>\n<td width=\"76\">Perspectiva Pol\u00edtico-Institucional<\/td>\n<td width=\"76\">Teor\u00eda Literaria III<\/td>\n<td width=\"173\">Historia Social y Cultural de la Literatura III<\/td>\n<td width=\"85\">Semi\u00f3tica II<\/td>\n<td width=\"133\">Ling\u00fc\u00edstica y Gram\u00e1tica III<\/td>\n<td width=\"142\">Lenguas Cl\u00e1sicas II<\/td>\n<td width=\"76\">Primer Nivel de Lengua Extranjera<\/td>\n<td width=\"57\">E.D.I.<\/td>\n<\/tr>\n<tr>\n<td width=\"76\"><strong>2<\/strong><\/td>\n<td width=\"76\"><strong>2<\/strong><\/td>\n<td width=\"76\"><strong>2<\/strong><\/td>\n<td width=\"173\"><strong>4<\/strong><\/td>\n<td width=\"85\"><strong>2<\/strong><\/td>\n<td width=\"133\"><strong>3<\/strong><\/td>\n<td width=\"142\"><strong>3<\/strong><\/td>\n<td width=\"76\"><strong>2<\/strong><\/td>\n<td width=\"57\"><strong>1<\/strong><\/td>\n<\/tr>\n<tr>\n<td colspan=\"9\" valign=\"top\" width=\"891\">\n<h2><span style=\"font-size: 8pt;\">ESPACIO DE LA PR\u00c1CTICA DOCENTE III<\/span><\/h2>\n<p>&nbsp;<\/td>\n<\/tr>\n<\/tbody>\n<\/table>\n<p><strong>\u00a0<\/strong><\/p>\n<p><strong>\u00a0<\/strong>CUARTO A\u00d1O<strong>\u00a0<\/strong><\/p>\n<table border=\"1\" cellspacing=\"0\" cellpadding=\"0\">\n<tbody>\n<tr>\n<td colspan=\"7\" width=\"756\">\n<p style=\"text-align: center;\"><strong>ESPACIO DE LA ORIENTACI\u00d3N<\/strong><\/p>\n<\/td>\n<\/tr>\n<tr>\n<td width=\"76\"><span style=\"font-size: 8pt;\">Teor\u00eda Literaria IV<\/span><\/td>\n<td width=\"76\"><span style=\"font-size: 8pt;\">Historia Social y Cultural de la Literatura IV<\/span><\/td>\n<td width=\"151\"><span style=\"font-size: 8pt;\">Ling\u00fc\u00edstica y Gram\u00e1tica IV<\/span><\/td>\n<td width=\"76\"><span style=\"font-size: 8pt;\">Psicoling\u00fc\u00edstica<\/span><\/td>\n<td width=\"151\"><span style=\"font-size: 8pt;\">Socioling\u00fc\u00edstica<\/span><\/td>\n<td width=\"151\"><span style=\"font-size: 8pt;\">Segundo Nivel de Lengua Extranjera<\/span><\/td>\n<td width=\"76\"><span style=\"font-size: 8pt;\">E.D.I<\/span><\/td>\n<\/tr>\n<tr>\n<td width=\"76\">\n<h2><span style=\"font-size: 8pt;\">2<\/span><\/h2>\n<\/td>\n<td width=\"76\">\n<h2><span style=\"font-size: 8pt;\">6<\/span><\/h2>\n<\/td>\n<td width=\"151\">\n<h2><span style=\"font-size: 8pt;\">3<\/span><\/h2>\n<\/td>\n<td width=\"76\">\n<h2><span style=\"font-size: 8pt;\">2<\/span><\/h2>\n<\/td>\n<td width=\"151\">\n<h2><span style=\"font-size: 8pt;\">3<\/span><\/h2>\n<\/td>\n<td width=\"151\">\n<h2><span style=\"font-size: 8pt;\">3<\/span><\/h2>\n<\/td>\n<td width=\"76\">\n<h2><span style=\"font-size: 8pt;\">2<\/span><\/h2>\n<\/td>\n<\/tr>\n<tr>\n<td colspan=\"7\" valign=\"top\" width=\"756\">\n<h2><span style=\"font-size: 8pt;\">ESPACIO DE LA PR\u00c1CTICA DOCENTE IV<\/span><\/h2>\n<p>&nbsp;<\/td>\n<\/tr>\n<\/tbody>\n<\/table>\n<p>&nbsp;<\/p>\n<p><strong>\u00a0<\/strong><\/p>\n<p><strong>\u00a0<\/strong><\/p>\n","protected":false},"excerpt":{"rendered":"<p>En 2018 comenz\u00f3 a ponerse en pr\u00e1ctica un nuevo dise\u00f1o curricular en primer a\u00f1o. Clic aqu\u00ed para ver el dise\u00f1o nuevo &nbsp; Los alumnos de a\u00f1os avanzados siguen estudiando con el dise\u00f1o anterior: PRIMER A\u00d1O \u00a0 ESPACIO DE LA FUNDAMENTACI\u00d3N PEDAG\u00d3GICA ESPACIO DE\u00a0LA ESPECIALIZACI\u00d3N POR NIVELES ESPACIO DE LA ORIENTACI\u00d3N Perspectiva Filos\u00f3fico-Pedag\u00f3gica I Perspectiva Pedag\u00f3gico-Did\u00e1ctica &#8230; <a title=\"Plan de estudios Lengua y Literatura\" class=\"read-more\" href=\"https:\/\/isfd102-bue.infd.edu.ar\/sitio\/plan-de-estudios-lengua-y-literatura\/\" aria-label=\"More on Plan de estudios Lengua y Literatura\">[+]<\/a><\/p>\n","protected":false},"author":361,"featured_media":0,"parent":0,"menu_order":0,"comment_status":"closed","ping_status":"closed","template":"","meta":[],"acf":[],"_links":{"self":[{"href":"https:\/\/isfd102-bue.infd.edu.ar\/sitio\/wp-json\/wp\/v2\/pages\/1119"}],"collection":[{"href":"https:\/\/isfd102-bue.infd.edu.ar\/sitio\/wp-json\/wp\/v2\/pages"}],"about":[{"href":"https:\/\/isfd102-bue.infd.edu.ar\/sitio\/wp-json\/wp\/v2\/types\/page"}],"author":[{"embeddable":true,"href":"https:\/\/isfd102-bue.infd.edu.ar\/sitio\/wp-json\/wp\/v2\/users\/361"}],"replies":[{"embeddable":true,"href":"https:\/\/isfd102-bue.infd.edu.ar\/sitio\/wp-json\/wp\/v2\/comments?post=1119"}],"version-history":[{"count":2,"href":"https:\/\/isfd102-bue.infd.edu.ar\/sitio\/wp-json\/wp\/v2\/pages\/1119\/revisions"}],"predecessor-version":[{"id":2286,"href":"https:\/\/isfd102-bue.infd.edu.ar\/sitio\/wp-json\/wp\/v2\/pages\/1119\/revisions\/2286"}],"wp:attachment":[{"href":"https:\/\/isfd102-bue.infd.edu.ar\/sitio\/wp-json\/wp\/v2\/media?parent=1119"}],"curies":[{"name":"wp","href":"https:\/\/api.w.org\/{rel}","templated":true}]}}