{"id":1115,"date":"2018-08-29T18:02:12","date_gmt":"2018-08-29T21:02:12","guid":{"rendered":"https:\/\/isfd102-bue.infd.edu.ar\/sitio\/datos-institucionales\/"},"modified":"2025-08-14T18:58:53","modified_gmt":"2025-08-14T21:58:53","slug":"datos-institucionales","status":"publish","type":"page","link":"https:\/\/isfd102-bue.infd.edu.ar\/sitio\/datos-institucionales\/","title":{"rendered":"Datos institucionales"},"content":{"rendered":"<div style=\"text-align: center;\"><span style=\"font-size: 12pt;\"><span style=\"font-family: arial,helvetica,sans-serif;\"><span style=\"font-size: 14pt;\"><em><strong>Unidad Acad\u00e9mica<\/strong><\/em><\/span><\/span><\/span><br \/>\n<span style=\"font-size: 12pt;\"><span style=\"font-family: arial,helvetica,sans-serif;\"><span style=\"font-size: 14pt;\"><em><strong>Escuela Normal Superior \u00abAntonio Mentruyt\u00bb<\/strong><\/em><\/span><\/span><\/span><\/p>\n<div style=\"text-align: center;\">\n<hr \/>\n<p><span style=\"font-size: 12pt;\"><span style=\"font-family: arial,helvetica,sans-serif;\"><span style=\"font-size: 14pt;\"><strong>Instituto Superior de Formaci\u00f3n Docente N\u00ba 102<\/strong><\/span><\/span><\/span><\/div>\n<ul>\n<li><strong><span style=\"font-size: 12pt;\"><span style=\"font-family: arial,helvetica,sans-serif;\">Horarios de atenci\u00f3n del ISFD: <span style=\"color: #0000ff;\">Lunes a viernes de 19 a 21 hs.<\/span><\/span><\/span><\/strong><\/li>\n<li><strong><span style=\"font-size: 12pt;\"><span style=\"font-family: arial,helvetica,sans-serif;\">Direcci\u00f3n: <span style=\"color: #0000ff;\">Manuel Castro 990 Banfield<\/span><\/span><\/span><\/strong><\/li>\n<li><strong><span style=\"font-size: 12pt;\"><span style=\"font-family: arial,helvetica,sans-serif;\">Tel\u00e9fono: <span style=\"color: #0000ff;\">4248-1700<br \/>\n<\/span><\/span><\/span><\/strong><\/li>\n<li><strong><strong><span style=\"font-size: 12pt;\"><span style=\"font-family: arial,helvetica,sans-serif;\">E-mail de consultas:\u00a0 <span style=\"color: #0000ff;\">isfd102lomasdezamora@abc.gob.<\/span>ar<br \/>\n<\/span><\/span><\/strong><\/strong>\u00a0 \u00a0 \u00a0 \u00a0 \u00a0 \u00a0 \u00a0<span style=\"color: #0000ff;\"><strong>isfdn102@gmail.com<\/strong><\/span><\/li>\n<\/ul>\n<p><span style=\"font-size: 12pt;\"><span style=\"font-family: arial,helvetica,sans-serif;\"><strong>\u00a0 \u00a0 \u00a0 \u00a0 \u00a0 \u00a0 \u00a0 \u00a0 \u00a0 \u00a0 \u00a0 \u00a0 \u00a0 \u00a0<\/strong><\/span><\/span><\/p>\n<p><span style=\"font-size: 12pt;\"><span style=\"font-family: arial,helvetica,sans-serif;\"><strong>\u00a0\u00a0\u00a0\u00a0\u00a0\u00a0\u00a0\u00a0\u00a0\u00a0\u00a0\u00a0\u00a0\u00a0\u00a0\u00a0\u00a0\u00a0\u00a0\u00a0\u00a0\u00a0\u00a0\u00a0\u00a0\u00a0\u00a0\u00a0\u00a0 Primaria N\u00ba 91\u00a0 y Secundaria B\u00e1sica N\u00ba 304<br \/>\n<\/strong><\/span><\/span><\/p>\n<ul>\n<li><span style=\"font-size: 12pt;\"><span style=\"font-family: arial,helvetica,sans-serif;\"><strong>Tel\u00e9fono: <span style=\"color: #0000ff;\">4248-4123<\/span><\/strong><\/span><\/span><\/li>\n<\/ul>\n<p><span style=\"font-size: 12pt;\"><span style=\"font-family: arial,helvetica,sans-serif;\"><span style=\"color: #3366ff;\"><br \/>\n<\/span><\/span><\/span><br \/>\n<span style=\"font-size: 12pt; color: #000000;\"><span style=\"font-family: arial,helvetica,sans-serif;\"><strong>\u00a0\u00a0\u00a0\u00a0\u00a0\u00a0\u00a0\u00a0\u00a0\u00a0\u00a0\u00a0\u00a0\u00a0\u00a0\u00a0\u00a0\u00a0\u00a0\u00a0\u00a0\u00a0\u00a0\u00a0\u00a0\u00a0\u00a0\u00a0\u00a0\u00a0\u00a0\u00a0\u00a0\u00a0 Jard\u00edn de Infantes N\u00ba 933<\/strong><\/span><\/span><\/p>\n<ul>\n<li><span style=\"font-size: 12pt;\"><span style=\"font-family: arial,helvetica,sans-serif;\"><span style=\"color: #3366ff;\"><span style=\"color: #000000;\"><strong>\u00a0Tel\u00e9fono: <span style=\"color: #0000ff;\">4202-5726<\/span><\/strong><\/span><br \/>\n<\/span><\/span><\/span><\/li>\n<\/ul>\n<\/div>\n<p><!--more--><\/p>\n","protected":false},"excerpt":{"rendered":"<p>Unidad Acad\u00e9mica Escuela Normal Superior \u00abAntonio Mentruyt\u00bb Instituto Superior de Formaci\u00f3n Docente N\u00ba 102 Horarios de atenci\u00f3n del ISFD: Lunes a viernes de 19 a 21 hs. Direcci\u00f3n: Manuel Castro 990 Banfield Tel\u00e9fono: 4248-1700 E-mail de consultas:\u00a0 isfd102lomasdezamora@abc.gob.ar \u00a0 \u00a0 \u00a0 \u00a0 \u00a0 \u00a0 \u00a0isfdn102@gmail.com \u00a0 \u00a0 \u00a0 \u00a0 \u00a0 \u00a0 \u00a0 \u00a0 \u00a0 \u00a0 &#8230; <a title=\"Datos institucionales\" class=\"read-more\" href=\"https:\/\/isfd102-bue.infd.edu.ar\/sitio\/datos-institucionales\/\" aria-label=\"More on Datos institucionales\">[+]<\/a><\/p>\n","protected":false},"author":361,"featured_media":0,"parent":0,"menu_order":0,"comment_status":"closed","ping_status":"closed","template":"","meta":[],"acf":[],"_links":{"self":[{"href":"https:\/\/isfd102-bue.infd.edu.ar\/sitio\/wp-json\/wp\/v2\/pages\/1115"}],"collection":[{"href":"https:\/\/isfd102-bue.infd.edu.ar\/sitio\/wp-json\/wp\/v2\/pages"}],"about":[{"href":"https:\/\/isfd102-bue.infd.edu.ar\/sitio\/wp-json\/wp\/v2\/types\/page"}],"author":[{"embeddable":true,"href":"https:\/\/isfd102-bue.infd.edu.ar\/sitio\/wp-json\/wp\/v2\/users\/361"}],"replies":[{"embeddable":true,"href":"https:\/\/isfd102-bue.infd.edu.ar\/sitio\/wp-json\/wp\/v2\/comments?post=1115"}],"version-history":[{"count":1,"href":"https:\/\/isfd102-bue.infd.edu.ar\/sitio\/wp-json\/wp\/v2\/pages\/1115\/revisions"}],"predecessor-version":[{"id":3668,"href":"https:\/\/isfd102-bue.infd.edu.ar\/sitio\/wp-json\/wp\/v2\/pages\/1115\/revisions\/3668"}],"wp:attachment":[{"href":"https:\/\/isfd102-bue.infd.edu.ar\/sitio\/wp-json\/wp\/v2\/media?parent=1115"}],"curies":[{"name":"wp","href":"https:\/\/api.w.org\/{rel}","templated":true}]}}