{"id":1109,"date":"2018-08-29T18:02:10","date_gmt":"2018-08-29T21:02:10","guid":{"rendered":"https:\/\/isfd102-bue.infd.edu.ar\/sitio\/centro-de-estudiantes\/"},"modified":"2019-09-21T13:01:35","modified_gmt":"2019-09-21T16:01:35","slug":"centro-de-estudiantes","status":"publish","type":"page","link":"https:\/\/isfd102-bue.infd.edu.ar\/sitio\/centro-de-estudiantes\/","title":{"rendered":"Centro de Estudiantes"},"content":{"rendered":"<p style=\"text-align: justify;\"><span style=\"font-size: 12pt;\">El 12 de noviembre de 2018 se realiz\u00f3 la segunda elecci\u00f3n del Centro de Estudiantes en la historia del ISFD N\u00b0 102. El ganador fue nuevamente Tizas Libres.<\/span><\/p>\n<p style=\"text-align: justify;\"><span style=\"font-size: 12pt;\">Integran el Centro de Estudiantes:<\/span><\/p>\n<p style=\"text-align: justify;\"><span style=\"font-size: 12pt;\">Presidenta:\u00a0<\/span>Carla G. Sirri Mora (Profesorado en Ed. Primaria)<\/p>\n<p style=\"text-align: justify;\"><span style=\"font-size: 12pt;\">Vice-Presidente: Nicol\u00e1s Gianetti (Profesorado en Biolog\u00eda)<\/span><\/p>\n<p style=\"text-align: justify;\"><span style=\"font-size: 12pt;\">Secretario: Tom\u00e1s Troncoso (Profesorado en Biolog\u00eda)<\/span><\/p>\n<p style=\"text-align: justify;\"><span style=\"font-size: 12pt;\">Tesorero: Nahuel Beltr\u00e1n (Profesorado en Biolog\u00eda)<\/span><\/p>\n<p style=\"text-align: justify;\"><span style=\"font-size: 12pt;\">1ra Vocal: <\/span>Lucila Echeverr\u00eda (Profesorado en Lengua y Literatura)<\/p>\n<p style=\"text-align: justify;\"><span style=\"font-size: 12pt;\">2da Vocal: Diego Borello (Profesorado en Biolog\u00eda)<\/span><\/p>\n<p style=\"text-align: justify;\"><span style=\"font-size: 12pt;\">3er Vocal: Andr\u00e9s Gordillo (Profesorado en Econom\u00eda y Gesti\u00f3n)<\/span><\/p>\n<p style=\"text-align: justify;\"><span style=\"font-size: 12pt;\">Profesora Consejera: Patricia Cieri<\/span><\/p>\n<p><span style=\"font-size: 12pt;\"><img decoding=\"async\" loading=\"lazy\" style=\"display: block; margin-left: auto; margin-right: auto;\" title=\"centrodeestudiantesbandera\" src=\"https:\/\/isfd102-bue.infd.edu.ar\/sitio\/wp-content\/uploads\/2018\/08\/20480018_1872327873094474_3135115932613802674_n.jpg\" alt=\"centrodeestudiantesbandera\" width=\"264\" height=\"262\" border=\"0\" \/><\/span><\/p>\n<p style=\"text-align: justify;\"><em><span style=\"font-size: 12pt;\">El Centro de Estudiantes nos permite conocernos, ayudarnos, compartir dudas y expresar nuestras opiniones. Es un punto de encuentro desde el que trabajamos para que nuestro instituto crezca cada d\u00eda un poco m\u00e1s.<\/span><\/em><\/p>\n<p style=\"text-align: justify;\"><em><span style=\"font-size: 12pt;\">No dejes de participar.<\/span><\/em><\/p>\n","protected":false},"excerpt":{"rendered":"<p>El 12 de noviembre de 2018 se realiz\u00f3 la segunda elecci\u00f3n del Centro de Estudiantes en la historia del ISFD N\u00b0 102. El ganador fue nuevamente Tizas Libres. Integran el Centro de Estudiantes: Presidenta:\u00a0Carla G. Sirri Mora (Profesorado en Ed. Primaria) Vice-Presidente: Nicol\u00e1s Gianetti (Profesorado en Biolog\u00eda) Secretario: Tom\u00e1s Troncoso (Profesorado en Biolog\u00eda) Tesorero: Nahuel &#8230; <a title=\"Centro de Estudiantes\" class=\"read-more\" href=\"https:\/\/isfd102-bue.infd.edu.ar\/sitio\/centro-de-estudiantes\/\" aria-label=\"More on Centro de Estudiantes\">[+]<\/a><\/p>\n","protected":false},"author":361,"featured_media":0,"parent":0,"menu_order":0,"comment_status":"closed","ping_status":"closed","template":"","meta":[],"acf":[],"_links":{"self":[{"href":"https:\/\/isfd102-bue.infd.edu.ar\/sitio\/wp-json\/wp\/v2\/pages\/1109"}],"collection":[{"href":"https:\/\/isfd102-bue.infd.edu.ar\/sitio\/wp-json\/wp\/v2\/pages"}],"about":[{"href":"https:\/\/isfd102-bue.infd.edu.ar\/sitio\/wp-json\/wp\/v2\/types\/page"}],"author":[{"embeddable":true,"href":"https:\/\/isfd102-bue.infd.edu.ar\/sitio\/wp-json\/wp\/v2\/users\/361"}],"replies":[{"embeddable":true,"href":"https:\/\/isfd102-bue.infd.edu.ar\/sitio\/wp-json\/wp\/v2\/comments?post=1109"}],"version-history":[{"count":4,"href":"https:\/\/isfd102-bue.infd.edu.ar\/sitio\/wp-json\/wp\/v2\/pages\/1109\/revisions"}],"predecessor-version":[{"id":1965,"href":"https:\/\/isfd102-bue.infd.edu.ar\/sitio\/wp-json\/wp\/v2\/pages\/1109\/revisions\/1965"}],"wp:attachment":[{"href":"https:\/\/isfd102-bue.infd.edu.ar\/sitio\/wp-json\/wp\/v2\/media?parent=1109"}],"curies":[{"name":"wp","href":"https:\/\/api.w.org\/{rel}","templated":true}]}}