{"id":1105,"date":"2018-08-29T18:02:09","date_gmt":"2018-08-29T21:02:09","guid":{"rendered":"https:\/\/isfd102-bue.infd.edu.ar\/sitio\/profesorado-de-educacion-secundaria-en-fisica\/"},"modified":"2025-08-16T18:37:03","modified_gmt":"2025-08-16T21:37:03","slug":"profesorado-de-fisica","status":"publish","type":"page","link":"https:\/\/isfd102-bue.infd.edu.ar\/sitio\/profesorado-de-fisica\/","title":{"rendered":"Profesorado de Educaci\u00f3n Secundaria en F\u00edsica"},"content":{"rendered":"<p><span style=\"font-family: arial,helvetica,sans-serif; font-size: 12pt;\"><strong>Nombre de la Carrera: <span style=\"color: #0000ff;\">Profesorado <span class=\"fontstyle0\">de Educaci\u00f3n Secundaria en F\u00edsica<\/span><br \/>\n<\/span><\/strong><\/span><\/p>\n<p><span style=\"font-family: arial,helvetica,sans-serif; font-size: 12pt;\"><strong>T\u00edtulo que otorga: <span style=\"color: #0000ff;\">Profesor <span class=\"fontstyle0\">de Educaci\u00f3n Secundaria en F\u00edsica.<\/span><br \/>\n<\/span><\/strong><\/span><\/p>\n<p><span style=\"font-family: arial,helvetica,sans-serif; font-size: 12pt;\"><strong>Duraci\u00f3n: <span style=\"color: #0000ff;\">4 a\u00f1os<\/span><\/strong><\/span><\/p>\n<p style=\"text-align: justify;\"><span class=\"fontstyle0\">El <\/span><span class=\"fontstyle2\">Profesorado de Educaci\u00f3n Secundaria en F\u00edsica <\/span><span class=\"fontstyle0\">de la provincia de Buenos Aires tiene como finalidad formar docentes comprometidos con la igualdad y la garant\u00eda del derecho social a la educaci\u00f3n desde la confianza de que todas y todos pueden aprender afianzando la creciente autonom\u00eda de las y los estudiantes.<\/span><\/p>\n<p style=\"text-align: justify;\"><span class=\"fontstyle0\">Las l\u00edneas presentadas expresan los prop\u00f3sitos, otorgan direccionalidad al dise\u00f1o y orientan la formaci\u00f3n de profesoras y profesores que:<\/span><\/p>\n<p style=\"text-align: justify; padding-left: 40px;\"><span class=\"fontstyle3\">\u25cf <\/span><span class=\"fontstyle0\">se consideren parte de un proceso social de trasmisi\u00f3n de las culturas en\u00a0<\/span><span class=\"fontstyle0\">di\u00e1logo con las transformaciones sociales contempor\u00e1neas,<\/span><\/p>\n<p style=\"text-align: justify; padding-left: 40px;\"><span class=\"fontstyle3\">\u25cf <\/span><span class=\"fontstyle0\">lean su contexto a partir de las construcciones pol\u00edticas, culturales y\u00a0<\/span><span class=\"fontstyle0\">pedag\u00f3gicas desde Am\u00e9rica Latina, Argentina, y la provincia de Buenos Aires\u00a0<\/span><span class=\"fontstyle0\">para interrogarse, intervenir, ense\u00f1ar, transformar(se) y<\/span><\/p>\n<p style=\"text-align: justify; padding-left: 40px;\"><span class=\"fontstyle3\">\u25cf <\/span><span class=\"fontstyle0\">asuman la centralidad de la ense\u00f1anza como condici\u00f3n ineludible que\u00a0<\/span><span class=\"fontstyle0\">posibilita abordar y resolver los problemas de la transmisi\u00f3n y el acceso\u00a0<\/span><span class=\"fontstyle0\">democr\u00e1tico a los conocimientos.<\/span><\/p>\n<p style=\"text-align: justify;\"><span class=\"fontstyle0\">El dise\u00f1o curricular se compromete con la formaci\u00f3n de profesoras y profesores que asuman la ense\u00f1anza de la F\u00edsica desde un enfoque que considera la caracterizaci\u00f3n de su objeto de estudio y las principales formas de producci\u00f3n y validaci\u00f3n del conocimiento teniendo en cuenta la elaboraci\u00f3n de modelos, la actividad experimental y las formulaciones matem\u00e1ticas.<\/span><\/p>\n","protected":false},"excerpt":{"rendered":"<p>Nombre de la Carrera: Profesorado de Educaci\u00f3n Secundaria en F\u00edsica T\u00edtulo que otorga: Profesor de Educaci\u00f3n Secundaria en F\u00edsica. Duraci\u00f3n: 4 a\u00f1os El Profesorado de Educaci\u00f3n Secundaria en F\u00edsica de la provincia de Buenos Aires tiene como finalidad formar docentes comprometidos con la igualdad y la garant\u00eda del derecho social a la educaci\u00f3n desde la &#8230; <a title=\"Profesorado de Educaci\u00f3n Secundaria en F\u00edsica\" class=\"read-more\" href=\"https:\/\/isfd102-bue.infd.edu.ar\/sitio\/profesorado-de-fisica\/\" aria-label=\"More on Profesorado de Educaci\u00f3n Secundaria en F\u00edsica\">[+]<\/a><\/p>\n","protected":false},"author":699,"featured_media":0,"parent":0,"menu_order":0,"comment_status":"closed","ping_status":"closed","template":"","meta":[],"acf":[],"_links":{"self":[{"href":"https:\/\/isfd102-bue.infd.edu.ar\/sitio\/wp-json\/wp\/v2\/pages\/1105"}],"collection":[{"href":"https:\/\/isfd102-bue.infd.edu.ar\/sitio\/wp-json\/wp\/v2\/pages"}],"about":[{"href":"https:\/\/isfd102-bue.infd.edu.ar\/sitio\/wp-json\/wp\/v2\/types\/page"}],"author":[{"embeddable":true,"href":"https:\/\/isfd102-bue.infd.edu.ar\/sitio\/wp-json\/wp\/v2\/users\/699"}],"replies":[{"embeddable":true,"href":"https:\/\/isfd102-bue.infd.edu.ar\/sitio\/wp-json\/wp\/v2\/comments?post=1105"}],"version-history":[{"count":2,"href":"https:\/\/isfd102-bue.infd.edu.ar\/sitio\/wp-json\/wp\/v2\/pages\/1105\/revisions"}],"predecessor-version":[{"id":2984,"href":"https:\/\/isfd102-bue.infd.edu.ar\/sitio\/wp-json\/wp\/v2\/pages\/1105\/revisions\/2984"}],"wp:attachment":[{"href":"https:\/\/isfd102-bue.infd.edu.ar\/sitio\/wp-json\/wp\/v2\/media?parent=1105"}],"curies":[{"name":"wp","href":"https:\/\/api.w.org\/{rel}","templated":true}]}}