{"id":1102,"date":"2018-08-29T18:02:08","date_gmt":"2018-08-29T21:02:08","guid":{"rendered":"https:\/\/isfd102-bue.infd.edu.ar\/sitio\/ingresantes\/"},"modified":"2020-03-04T04:48:24","modified_gmt":"2020-03-04T07:48:24","slug":"ingresantes","status":"publish","type":"page","link":"https:\/\/isfd102-bue.infd.edu.ar\/sitio\/ingresantes\/","title":{"rendered":"Ingresantes"},"content":{"rendered":"<p style=\"text-align: center;\"><span style=\"font-size: 12pt;\"><span style=\"font-family: georgia,palatino;\"><span style=\"font-size: 14pt;\"><strong>Carreras que se cursan en el I.S.F.D. N\u00ba 102<\/strong><\/span>:<\/span><\/span><\/p>\n<p style=\"text-align: center;\"><span style=\"font-size: 12pt;\"><span style=\"font-family: georgia,palatino;\"><a title=\"Profesorado de Educaci\u00f3n Inicial\" href=\"index.cgi?wid_seccion=18\" target=\"_blank\" rel=\"noopener\">Profesorado de Educaci\u00f3n Inicial<\/a><\/span><\/span><\/p>\n<p style=\"text-align: center;\"><span style=\"font-size: 12pt;\"><span style=\"font-family: georgia,palatino;\"><a title=\"Profesorado de Educaci\u00f3n Primaria\" href=\"index.cgi?wid_seccion=19\" target=\"_blank\" rel=\"noopener\">Profesorado de Educaci\u00f3n Primaria<\/a><\/span><\/span><\/p>\n<p style=\"text-align: center;\"><span style=\"font-size: 12pt;\"><span style=\"font-family: georgia,palatino;\"><a title=\"Profesorado de Educaci\u00f3n Secundaria en Biolog\u00eda\" href=\"index.cgi?wid_seccion=3\" target=\"_blank\" rel=\"noopener\">Profesorado de Biolog\u00eda<\/a>\u00a0<\/span><\/span><\/p>\n<p style=\"text-align: center;\"><span style=\"font-size: 12pt;\"><span style=\"font-family: georgia,palatino;\"><a title=\"Profesorado de Educaci\u00f3n Secundaria en Econom\u00eda\" href=\"index.cgi?wid_seccion=17\" target=\"_blank\" rel=\"noopener\">Profesorado de Econom\u00eda y Gesti\u00f3n<\/a><\/span><\/span><\/p>\n<p style=\"text-align: center;\"><span style=\"font-size: 12pt;\"><span style=\"font-family: georgia,palatino;\"><a title=\"Profesorado de Educaci\u00f3n Secundaria en Matem\u00e1tica\" href=\"index.cgi?wid_seccion=4\" target=\"_blank\" rel=\"noopener\">Profesorado de Matem\u00e1tica<\/a><\/span><\/span><\/p>\n<p style=\"text-align: center;\"><span style=\"font-size: 12pt;\"><span style=\"font-family: georgia,palatino;\"><a title=\"Profesorado de Educaci\u00f3n Secundaria en Lengua y Literatura\" href=\"index.cgi?wid_seccion=2\" target=\"_blank\" rel=\"noopener\">Profesorado de Lengua y Literatura<\/a><\/span><\/span><\/p>\n<p style=\"text-align: center;\"><span style=\"font-size: 12pt;\"><span style=\"font-family: georgia,palatino;\"><a title=\" Profesorado de Educaci\u00f3n Secundaria en F\u00edsica\" href=\"index.cgi?wid_seccion=24\" target=\"_blank\" rel=\"noopener\">Profesorado de F\u00edsica<\/a><\/span><\/span><\/p>\n<p style=\"text-align: justify;\"><span style=\"font-size: 10pt;\"><span style=\"font-family: georgia,palatino;\">Para ver toda la informaci\u00f3n sobre cada carrera (materias, contenidos, correlatividades, profesores, carga horaria, etc.) hac\u00e9 clic sobre ellas.<\/span><\/span><\/p>\n<p style=\"text-align: justify;\"><span style=\"font-size: 12pt;\"><span style=\"font-family: georgia,palatino;\"><span style=\"font-size: 14pt;\"><span style=\"font-size: 12pt;\"><span style=\"font-family: georgia,palatino;\"><span style=\"font-size: 14pt;\"><span style=\"font-size: 12pt;\">Las siete carreras que se ofrecen son\u00a0de <strong>4 a\u00f1os de duraci\u00f3n<\/strong>, <strong>gratuitas<\/strong> y de <strong>validez nacional<\/strong>. Todas se cursan en el <strong>turno vespertino<\/strong>.<\/span><\/span><\/span><\/span><\/span><\/span><\/span><\/p>\n<p><strong>Horario de cursada: <\/strong>Lunes a viernes de 18 a 22 (las pr\u00e1cticas se realizan un d\u00eda a contraturno).<\/p>\n<p style=\"text-align: justify;\">Importante: El profesorado de Biolog\u00eda y el profesorado de F\u00edsica tienen un tronco com\u00fan de dos a\u00f1os. Es decir que tienen las mismas materias en los dos primeros a\u00f1os, pero en tercero y en cuarto a\u00f1o son diferentes.<\/p>\n<p>&nbsp;<\/p>\n<p style=\"text-align: center;\"><span style=\"font-size: 14pt;\"><strong>\u00a0<span style=\"color: #ff0000;\">*<span style=\"color: #0000ff;\">*<\/span>*<\/span> <span style=\"text-decoration: underline;\">Preguntas frecuentes<\/span><span style=\"color: #ff0000;\">\u00a0*<span style=\"color: #0000ff;\">*<\/span>*<\/span><\/strong><\/span><\/p>\n<p style=\"text-align: center;\"><span style=\"color: #ff0000;\"><strong>Se recomienda a los ingresantes estar atentos a las novedades que iremos publicando por aqu\u00ed.<\/strong><\/span><\/p>\n<p>&nbsp;<\/p>\n<p><strong>1<\/strong><strong>)<\/strong><strong>\u00a0\u00bfLas carreras son todas en el turno noche?<\/strong><\/p>\n<p>S\u00ed. Nuestras carreras se dictan de lunes a viernes entre las 17 y las 22 hs. Puede ser que alg\u00fan d\u00eda un curso entre m\u00e1s tarde o se vaya m\u00e1s temprano, pero ese es el l\u00edmite de horarios.<\/p>\n<p><strong>2) \u00bfSe cursan los s\u00e1bados?<\/strong><\/p>\n<p>Por lo general, no. Algunos cursos tienen algunas reuniones de pr\u00e1cticas los s\u00e1bados a la ma\u00f1ana.<\/p>\n<p>En ocasiones hay jornadas y talleres los s\u00e1bados por la ma\u00f1ana.<\/p>\n<p><strong>3) \u00bfTodas las materias son anuales?<\/strong><\/p>\n<p>S\u00ed. Algunas est\u00e1n divididas en dos tramos, pero se debe aprobar ambos.<\/p>\n<p><strong>4) \u00bfEs obligaci\u00f3n cursar todas las materias de cada a\u00f1o?<\/strong><\/p>\n<p style=\"text-align: justify;\">No. Si por falta de tiempo un estudiante no pudiera cursar (por ejemplo) las 8 materias que tiene en primer a\u00f1o, puede cursar (por ejemplo) 5, y al a\u00f1o siguiente cursar las que le faltan y tal vez cursar algunas de segundo a\u00f1o seg\u00fan se lo permita el r\u00e9gimen de correlatividades.<\/p>\n<p style=\"text-align: justify;\">Es decir que existe la posibilidad de estirarse la carrera a m\u00e1s de 4 a\u00f1os cursando solo algunos d\u00edas de la semana; el total de 4 es solo el m\u00ednimo.<\/p>\n<p><strong>5) \u00bfQu\u00e9 pasa si desapruebo una materia? \u00bfRepito el a\u00f1o?<\/strong><\/p>\n<p>No. Las materias se aprueban de manera independiente. Deber\u00e1s cursar al a\u00f1o siguiente solo aquellas en la que te haya ido mal o no cursaste. Las que cursaste y aprobaste no deber\u00e1s recursar.<\/p>\n<p style=\"text-align: left;\"><strong>6) \u00bfLas pr\u00e1cticas son a contraturno?<\/strong><\/p>\n<p style=\"text-align: justify;\">S\u00ed. Tienen una carga horaria de alrededor de 4 hs semanales, seg\u00fan la carrera y el a\u00f1o. Esas horas, seg\u00fan el docente a cargo, pueden ser un d\u00eda de la semana durante la ma\u00f1ana o la tarde.<\/p>\n<p><strong>7) \u00bfSe me reconocen materias de otras carreras?<\/strong><\/p>\n<p>S\u00ed, se reconocen materias aprobadas en otros profesorados o carreras universitarias.<\/p>\n<p style=\"text-align: justify;\">El estudiante puede pedir equivalencias y el profesor a cargo de la c\u00e1tedra las aceptar\u00e1, si corresponde, dependiendo de los contenidos y la carga horaria. Las equivalencias se piden una vez que est\u00e9s inscripto en la carrera, no antes.<\/p>\n<p style=\"text-align: justify;\">\n","protected":false},"excerpt":{"rendered":"<p>Carreras que se cursan en el I.S.F.D. N\u00ba 102: Profesorado de Educaci\u00f3n Inicial Profesorado de Educaci\u00f3n Primaria Profesorado de Biolog\u00eda\u00a0 Profesorado de Econom\u00eda y Gesti\u00f3n Profesorado de Matem\u00e1tica Profesorado de Lengua y Literatura Profesorado de F\u00edsica Para ver toda la informaci\u00f3n sobre cada carrera (materias, contenidos, correlatividades, profesores, carga horaria, etc.) hac\u00e9 clic sobre ellas. &#8230; <a title=\"Ingresantes\" class=\"read-more\" href=\"https:\/\/isfd102-bue.infd.edu.ar\/sitio\/ingresantes\/\" aria-label=\"More on Ingresantes\">[+]<\/a><\/p>\n","protected":false},"author":361,"featured_media":0,"parent":0,"menu_order":0,"comment_status":"closed","ping_status":"closed","template":"","meta":[],"acf":[],"_links":{"self":[{"href":"https:\/\/isfd102-bue.infd.edu.ar\/sitio\/wp-json\/wp\/v2\/pages\/1102"}],"collection":[{"href":"https:\/\/isfd102-bue.infd.edu.ar\/sitio\/wp-json\/wp\/v2\/pages"}],"about":[{"href":"https:\/\/isfd102-bue.infd.edu.ar\/sitio\/wp-json\/wp\/v2\/types\/page"}],"author":[{"embeddable":true,"href":"https:\/\/isfd102-bue.infd.edu.ar\/sitio\/wp-json\/wp\/v2\/users\/361"}],"replies":[{"embeddable":true,"href":"https:\/\/isfd102-bue.infd.edu.ar\/sitio\/wp-json\/wp\/v2\/comments?post=1102"}],"version-history":[{"count":21,"href":"https:\/\/isfd102-bue.infd.edu.ar\/sitio\/wp-json\/wp\/v2\/pages\/1102\/revisions"}],"predecessor-version":[{"id":2231,"href":"https:\/\/isfd102-bue.infd.edu.ar\/sitio\/wp-json\/wp\/v2\/pages\/1102\/revisions\/2231"}],"wp:attachment":[{"href":"https:\/\/isfd102-bue.infd.edu.ar\/sitio\/wp-json\/wp\/v2\/media?parent=1102"}],"curies":[{"name":"wp","href":"https:\/\/api.w.org\/{rel}","templated":true}]}}