{"id":1098,"date":"2018-08-29T18:02:06","date_gmt":"2018-08-29T21:02:06","guid":{"rendered":"https:\/\/isfd102-bue.infd.edu.ar\/sitio\/profesorado-de-educacion-inicial\/"},"modified":"2023-02-27T06:18:16","modified_gmt":"2023-02-27T09:18:16","slug":"profesorado-de-educacion-inicial","status":"publish","type":"page","link":"https:\/\/isfd102-bue.infd.edu.ar\/sitio\/profesorado-de-educacion-inicial\/","title":{"rendered":"Profesorado de Educaci\u00f3n Inicial"},"content":{"rendered":"<h1><span style=\"font-size: 12pt;\"><strong><span style=\"font-family: arial,helvetica,sans-serif;\">Nombre de la Carrera: <span style=\"color: #0000ff;\">Profesorado de Educaci\u00f3n Inicial<\/span><\/span><\/strong><\/span><\/h1>\n<p><span style=\"font-size: 12pt;\"><strong><span style=\"font-family: arial,helvetica,sans-serif;\">T\u00edtulo que otorga: <span style=\"color: #0000ff;\">Profesor de Educaci\u00f3n Inicial<\/span><\/span><\/strong><\/span><\/p>\n<p><span style=\"font-size: 12pt;\"><strong><span style=\"font-family: arial,helvetica,sans-serif;\">Duraci\u00f3n:<span style=\"color: #0000ff;\"> 4 a\u00f1os<\/span><\/span><\/strong><\/span><\/p>\n<p style=\"text-align: justify;\"><span style=\"font-size: 12pt;\"><span style=\"font-family: arial,helvetica,sans-serif;\">El Dise\u00f1o Curricular\u00a0 prev\u00e9 una carrera de 4 (cuatro) a\u00f1os que permita profundizar en la formaci\u00f3n disciplinar poniendo \u00e9nfasis en la pr\u00e1ctica docente.<\/span><\/span><\/p>\n<p style=\"text-align: justify;\"><span style=\"font-size: 12pt;\"><span style=\"font-family: arial,helvetica,sans-serif;\">El docente es hacedor de cultura y tiene que ser hacedor del <em>discurso<\/em> sobre la cultura y la educaci\u00f3n.<\/span><\/span><\/p>\n<p style=\"text-align: justify;\"><span style=\"font-size: 12pt;\"><span style=\"font-family: arial,helvetica,sans-serif;\">En el horizonte formativo se reconocen tres prop\u00f3sitos: el fortalecimiento de la identidad y la significaci\u00f3n social de la profesi\u00f3n docente; la construcci\u00f3n del maestro como productor colectivo del discurso pedag\u00f3gico y el posicionamiento activo del maestro como trabajador de la cultura.<\/span><\/span><\/p>\n","protected":false},"excerpt":{"rendered":"<p>Nombre de la Carrera: Profesorado de Educaci\u00f3n Inicial T\u00edtulo que otorga: Profesor de Educaci\u00f3n Inicial Duraci\u00f3n: 4 a\u00f1os El Dise\u00f1o Curricular\u00a0 prev\u00e9 una carrera de 4 (cuatro) a\u00f1os que permita profundizar en la formaci\u00f3n disciplinar poniendo \u00e9nfasis en la pr\u00e1ctica docente. El docente es hacedor de cultura y tiene que ser hacedor del discurso sobre &#8230; <a title=\"Profesorado de Educaci\u00f3n Inicial\" class=\"read-more\" href=\"https:\/\/isfd102-bue.infd.edu.ar\/sitio\/profesorado-de-educacion-inicial\/\" aria-label=\"More on Profesorado de Educaci\u00f3n Inicial\">[+]<\/a><\/p>\n","protected":false},"author":361,"featured_media":0,"parent":0,"menu_order":0,"comment_status":"closed","ping_status":"closed","template":"","meta":[],"acf":[],"_links":{"self":[{"href":"https:\/\/isfd102-bue.infd.edu.ar\/sitio\/wp-json\/wp\/v2\/pages\/1098"}],"collection":[{"href":"https:\/\/isfd102-bue.infd.edu.ar\/sitio\/wp-json\/wp\/v2\/pages"}],"about":[{"href":"https:\/\/isfd102-bue.infd.edu.ar\/sitio\/wp-json\/wp\/v2\/types\/page"}],"author":[{"embeddable":true,"href":"https:\/\/isfd102-bue.infd.edu.ar\/sitio\/wp-json\/wp\/v2\/users\/361"}],"replies":[{"embeddable":true,"href":"https:\/\/isfd102-bue.infd.edu.ar\/sitio\/wp-json\/wp\/v2\/comments?post=1098"}],"version-history":[{"count":1,"href":"https:\/\/isfd102-bue.infd.edu.ar\/sitio\/wp-json\/wp\/v2\/pages\/1098\/revisions"}],"predecessor-version":[{"id":2968,"href":"https:\/\/isfd102-bue.infd.edu.ar\/sitio\/wp-json\/wp\/v2\/pages\/1098\/revisions\/2968"}],"wp:attachment":[{"href":"https:\/\/isfd102-bue.infd.edu.ar\/sitio\/wp-json\/wp\/v2\/media?parent=1098"}],"curies":[{"name":"wp","href":"https:\/\/api.w.org\/{rel}","templated":true}]}}