{"id":1080,"date":"2018-08-29T18:01:58","date_gmt":"2018-08-29T21:01:58","guid":{"rendered":"https:\/\/isfd102-bue.infd.edu.ar\/sitio\/profesorado-de-educacion-secundaria-en-lengua-y-literatura\/"},"modified":"2025-08-16T18:38:40","modified_gmt":"2025-08-16T21:38:40","slug":"profesorado-de-lengua-y-literatura","status":"publish","type":"page","link":"https:\/\/isfd102-bue.infd.edu.ar\/sitio\/profesorado-de-lengua-y-literatura\/","title":{"rendered":"Profesorado de Educaci\u00f3n Secundaria en Lengua y Literatura"},"content":{"rendered":"<p><span style=\"font-family: arial,helvetica,sans-serif;\"><span style=\"font-size: 12pt;\"><strong>Nombre de la Carrera: <span style=\"color: #0000ff;\">Profesorado de Educaci\u00f3n Secundaria en Lengua y Literatura<\/span><\/strong><\/span><\/span><\/p>\n<p><span style=\"font-family: arial,helvetica,sans-serif;\"><span style=\"font-size: 12pt;\"><strong>T\u00edtulo que otorga: <span style=\"color: #0000ff;\">Profesor de Educaci\u00f3n Secundaria en Lengua y Literatura<\/span><\/strong><\/span><\/span><\/p>\n<p><span style=\"font-family: arial,helvetica,sans-serif;\"><span style=\"font-size: 12pt;\"><strong>Duraci\u00f3n: <span style=\"color: #0000ff;\">4 a\u00f1os<\/span><\/strong><\/span><\/span><\/p>\n<p style=\"text-align: justify;\"><span style=\"font-family: arial,helvetica,sans-serif;\"><span style=\"font-size: 12pt;\">La formaci\u00f3n del docente de Lengua y Literatura centrar\u00e1 su an\u00e1lisis en el discurso, en todas sus formas y formatos.<\/span><\/span><\/p>\n<p style=\"text-align: justify;\"><span style=\"font-family: arial,helvetica,sans-serif;\"><span style=\"font-size: 12pt;\">En las \u00faltimas d\u00e9cadas se han producido notables avances en los diferentes campos disciplinares y did\u00e1ctico-metodol\u00f3gicos que conforman la disciplina. En funci\u00f3n de los mismos, se propone un enfoque funcional de la gram\u00e1tica, con el que se posibilita la reflexi\u00f3n sobre el lenguaje mediante el estudio de los elementos que constituyen los discursos.<\/span><\/span><\/p>\n<p style=\"text-align: justify;\"><span style=\"font-family: arial,helvetica,sans-serif;\"><span style=\"font-size: 12pt;\">Los textos se constituyen en dimensi\u00f3n estrat\u00e9gica de la formalizaci\u00f3n del pensamiento y la lengua asume el car\u00e1cter de realizaci\u00f3n, producto de una actividad, de un uso adecuado.\u00a0 La preparaci\u00f3n para su futura tarea espec\u00edfica, impone que el alumno reflexione acerca de las pr\u00e1cticas de lectura y escritura como pr\u00e1cticas sociales.<\/span><\/span><\/p>\n<div style=\"text-align: justify;\"><span style=\"font-family: arial,helvetica,sans-serif;\"><span style=\"font-size: 12pt;\"> En consecuencia, profundizar\u00e1 en el conocimiento de los procesos y de las estrategias propias de los actos de lectura, entendidos como procesos din\u00e1micos de interacci\u00f3n entre lector y texto. <\/span><\/span><\/div>\n","protected":false},"excerpt":{"rendered":"<p>Nombre de la Carrera: Profesorado de Educaci\u00f3n Secundaria en Lengua y Literatura T\u00edtulo que otorga: Profesor de Educaci\u00f3n Secundaria en Lengua y Literatura Duraci\u00f3n: 4 a\u00f1os La formaci\u00f3n del docente de Lengua y Literatura centrar\u00e1 su an\u00e1lisis en el discurso, en todas sus formas y formatos. En las \u00faltimas d\u00e9cadas se han producido notables avances &#8230; <a title=\"Profesorado de Educaci\u00f3n Secundaria en Lengua y Literatura\" class=\"read-more\" href=\"https:\/\/isfd102-bue.infd.edu.ar\/sitio\/profesorado-de-lengua-y-literatura\/\" aria-label=\"More on Profesorado de Educaci\u00f3n Secundaria en Lengua y Literatura\">[+]<\/a><\/p>\n","protected":false},"author":699,"featured_media":0,"parent":0,"menu_order":0,"comment_status":"closed","ping_status":"closed","template":"","meta":[],"acf":[],"_links":{"self":[{"href":"https:\/\/isfd102-bue.infd.edu.ar\/sitio\/wp-json\/wp\/v2\/pages\/1080"}],"collection":[{"href":"https:\/\/isfd102-bue.infd.edu.ar\/sitio\/wp-json\/wp\/v2\/pages"}],"about":[{"href":"https:\/\/isfd102-bue.infd.edu.ar\/sitio\/wp-json\/wp\/v2\/types\/page"}],"author":[{"embeddable":true,"href":"https:\/\/isfd102-bue.infd.edu.ar\/sitio\/wp-json\/wp\/v2\/users\/699"}],"replies":[{"embeddable":true,"href":"https:\/\/isfd102-bue.infd.edu.ar\/sitio\/wp-json\/wp\/v2\/comments?post=1080"}],"version-history":[{"count":1,"href":"https:\/\/isfd102-bue.infd.edu.ar\/sitio\/wp-json\/wp\/v2\/pages\/1080\/revisions"}],"predecessor-version":[{"id":3003,"href":"https:\/\/isfd102-bue.infd.edu.ar\/sitio\/wp-json\/wp\/v2\/pages\/1080\/revisions\/3003"}],"wp:attachment":[{"href":"https:\/\/isfd102-bue.infd.edu.ar\/sitio\/wp-json\/wp\/v2\/media?parent=1080"}],"curies":[{"name":"wp","href":"https:\/\/api.w.org\/{rel}","templated":true}]}}